{"id":562,"date":"2017-04-24T13:22:09","date_gmt":"2017-04-24T13:22:09","guid":{"rendered":"http:\/\/willahome.pl\/?page_id=562"},"modified":"2024-08-30T14:34:59","modified_gmt":"2024-08-30T14:34:59","slug":"apartament","status":"publish","type":"page","link":"http:\/\/willahome.pl\/pl\/apartament\/","title":{"rendered":"APARTAMENT"},"content":{"rendered":"<div id=\"pl-562\"  class=\"panel-layout\" ><div id=\"pg-562-0\"  class=\"panel-grid panel-has-style\" ><div class=\"shadow panel-row-style panel-row-style-for-562-0\" ><div id=\"pgc-562-0-0\"  class=\"panel-grid-cell\" ><div class=\"iconstxt panel-cell-style panel-cell-style-for-562-0-0\" ><div id=\"panel-562-0-0-0\" class=\"so-panel widget widget_sow-editor panel-first-child\" data-index=\"0\" ><div class=\"piktogram panel-widget-style panel-widget-style-for-562-0-0-0\" ><div\n\t\t\t\n\t\t\tclass=\"so-widget-sow-editor so-widget-sow-editor-base\"\n\t\t\t\n\t\t>\n<div class=\"siteorigin-widget-tinymce textwidget\">\n\t<p><img data-attachment-id=\"509\" data-permalink=\"http:\/\/willahome.pl\/pl\/pokoje\/pokoje-standard\/50bedsheets\/#main\" data-orig-file=\"http:\/\/willahome.pl\/wp-content\/uploads\/2017\/04\/50bedsheets.png\" data-orig-size=\"50,50\" data-comments-opened=\"0\" data-image-meta=\"{&quot;aperture&quot;:&quot;0&quot;,&quot;credit&quot;:&quot;&quot;,&quot;camera&quot;:&quot;&quot;,&quot;caption&quot;:&quot;&quot;,&quot;created_timestamp&quot;:&quot;0&quot;,&quot;copyright&quot;:&quot;&quot;,&quot;focal_length&quot;:&quot;0&quot;,&quot;iso&quot;:&quot;0&quot;,&quot;shutter_speed&quot;:&quot;0&quot;,&quot;title&quot;:&quot;&quot;,&quot;orientation&quot;:&quot;0&quot;}\" data-image-title=\"50bedsheets\" data-image-description=\"\" data-image-caption=\"\" data-large-file=\"http:\/\/willahome.pl\/wp-content\/uploads\/2017\/04\/50bedsheets.png\" loading=\"lazy\" decoding=\"async\" class=\"alignnone size-full wp-image-509\" src=\"http:\/\/willahome.pl\/wp-content\/uploads\/2017\/04\/50bedsheets.png\" alt=\"\" width=\"50\" height=\"50\" \/><br \/> Po\u015bciel antyalergiczna<\/p>\n<\/div>\n<\/div><\/div><\/div><div id=\"panel-562-0-0-1\" class=\"so-panel widget widget_sow-editor\" data-index=\"1\" ><div class=\"piktogram panel-widget-style panel-widget-style-for-562-0-0-1\" ><div\n\t\t\t\n\t\t\tclass=\"so-widget-sow-editor so-widget-sow-editor-base\"\n\t\t\t\n\t\t>\n<div class=\"siteorigin-widget-tinymce textwidget\">\n\t<p><img data-attachment-id=\"518\" data-permalink=\"http:\/\/willahome.pl\/pl\/pokoje\/pokoje-standard\/50praca\/#main\" data-orig-file=\"http:\/\/willahome.pl\/wp-content\/uploads\/2017\/04\/50praca.png\" data-orig-size=\"50,50\" data-comments-opened=\"0\" data-image-meta=\"{&quot;aperture&quot;:&quot;0&quot;,&quot;credit&quot;:&quot;&quot;,&quot;camera&quot;:&quot;&quot;,&quot;caption&quot;:&quot;&quot;,&quot;created_timestamp&quot;:&quot;0&quot;,&quot;copyright&quot;:&quot;&quot;,&quot;focal_length&quot;:&quot;0&quot;,&quot;iso&quot;:&quot;0&quot;,&quot;shutter_speed&quot;:&quot;0&quot;,&quot;title&quot;:&quot;&quot;,&quot;orientation&quot;:&quot;0&quot;}\" data-image-title=\"50praca\" data-image-description=\"\" data-image-caption=\"\" data-large-file=\"http:\/\/willahome.pl\/wp-content\/uploads\/2017\/04\/50praca.png\" loading=\"lazy\" decoding=\"async\" class=\"alignnone size-full wp-image-518\" src=\"http:\/\/willahome.pl\/wp-content\/uploads\/2017\/04\/50praca.png\" alt=\"\" width=\"50\" height=\"50\" \/><br \/> biurko do pracy<\/p>\n<\/div>\n<\/div><\/div><\/div><div id=\"panel-562-0-0-2\" class=\"so-panel widget widget_sow-editor\" data-index=\"2\" ><div class=\"piktogram panel-widget-style panel-widget-style-for-562-0-0-2\" ><div\n\t\t\t\n\t\t\tclass=\"so-widget-sow-editor so-widget-sow-editor-base\"\n\t\t\t\n\t\t>\n<div class=\"siteorigin-widget-tinymce textwidget\">\n\t<p>\u00a0\u00a0\u00a0<img data-attachment-id=\"850\" data-permalink=\"http:\/\/willahome.pl\/pl\/apartament\/50-2tv\/#main\" data-orig-file=\"http:\/\/willahome.pl\/wp-content\/uploads\/2017\/04\/50-2tv.png\" data-orig-size=\"50,50\" data-comments-opened=\"0\" data-image-meta=\"{&quot;aperture&quot;:&quot;0&quot;,&quot;credit&quot;:&quot;&quot;,&quot;camera&quot;:&quot;&quot;,&quot;caption&quot;:&quot;&quot;,&quot;created_timestamp&quot;:&quot;0&quot;,&quot;copyright&quot;:&quot;&quot;,&quot;focal_length&quot;:&quot;0&quot;,&quot;iso&quot;:&quot;0&quot;,&quot;shutter_speed&quot;:&quot;0&quot;,&quot;title&quot;:&quot;&quot;,&quot;orientation&quot;:&quot;0&quot;}\" data-image-title=\"50-2tv\" data-image-description=\"\" data-image-caption=\"\" data-large-file=\"http:\/\/willahome.pl\/wp-content\/uploads\/2017\/04\/50-2tv.png\" loading=\"lazy\" decoding=\"async\" class=\"alignnone size-full wp-image-850\" src=\"http:\/\/willahome.pl\/wp-content\/uploads\/2017\/04\/50-2tv.png\" alt=\"\" width=\"50\" height=\"50\" \/>\u00a0\u00a0\u00a0<br \/> Dwa\u00a0TV<\/p>\n<\/div>\n<\/div><\/div><\/div><div id=\"panel-562-0-0-3\" class=\"so-panel widget widget_sow-editor\" data-index=\"3\" ><div class=\"piktogram panel-widget-style panel-widget-style-for-562-0-0-3\" ><div\n\t\t\t\n\t\t\tclass=\"so-widget-sow-editor so-widget-sow-editor-base\"\n\t\t\t\n\t\t>\n<div class=\"siteorigin-widget-tinymce textwidget\">\n\t<p><img data-attachment-id=\"513\" data-permalink=\"http:\/\/willahome.pl\/pl\/pokoje\/pokoje-standard\/50kosmetyki\/#main\" data-orig-file=\"http:\/\/willahome.pl\/wp-content\/uploads\/2017\/04\/50kosmetyki.png\" data-orig-size=\"50,50\" data-comments-opened=\"0\" data-image-meta=\"{&quot;aperture&quot;:&quot;0&quot;,&quot;credit&quot;:&quot;&quot;,&quot;camera&quot;:&quot;&quot;,&quot;caption&quot;:&quot;&quot;,&quot;created_timestamp&quot;:&quot;0&quot;,&quot;copyright&quot;:&quot;&quot;,&quot;focal_length&quot;:&quot;0&quot;,&quot;iso&quot;:&quot;0&quot;,&quot;shutter_speed&quot;:&quot;0&quot;,&quot;title&quot;:&quot;&quot;,&quot;orientation&quot;:&quot;0&quot;}\" data-image-title=\"50kosmetyki\" data-image-description=\"\" data-image-caption=\"\" data-large-file=\"http:\/\/willahome.pl\/wp-content\/uploads\/2017\/04\/50kosmetyki.png\" loading=\"lazy\" decoding=\"async\" class=\"alignnone size-full wp-image-513\" src=\"http:\/\/willahome.pl\/wp-content\/uploads\/2017\/04\/50kosmetyki.png\" alt=\"\" width=\"50\" height=\"50\" \/><br \/> Kosmetyki \u00a0\u00a0\u00a0\u00a0\u00a0\u00a0\u00a0\u00a0\u00a0\u00a0\u00a0\u00a0\u00a0\u00a0\u00a0\u00a0\u00a0<\/p>\n<\/div>\n<\/div><\/div><\/div><div id=\"panel-562-0-0-4\" class=\"so-panel widget widget_sow-editor\" data-index=\"4\" ><div class=\"piktogram panel-widget-style panel-widget-style-for-562-0-0-4\" ><div\n\t\t\t\n\t\t\tclass=\"so-widget-sow-editor so-widget-sow-editor-base\"\n\t\t\t\n\t\t>\n<div class=\"siteorigin-widget-tinymce textwidget\">\n\t<p><img data-attachment-id=\"512\" data-permalink=\"http:\/\/willahome.pl\/pl\/pokoje\/pokoje-standard\/50klimatyzacja2\/#main\" data-orig-file=\"http:\/\/willahome.pl\/wp-content\/uploads\/2017\/04\/50klimatyzacja2.png\" data-orig-size=\"50,50\" data-comments-opened=\"0\" data-image-meta=\"{&quot;aperture&quot;:&quot;0&quot;,&quot;credit&quot;:&quot;&quot;,&quot;camera&quot;:&quot;&quot;,&quot;caption&quot;:&quot;&quot;,&quot;created_timestamp&quot;:&quot;0&quot;,&quot;copyright&quot;:&quot;&quot;,&quot;focal_length&quot;:&quot;0&quot;,&quot;iso&quot;:&quot;0&quot;,&quot;shutter_speed&quot;:&quot;0&quot;,&quot;title&quot;:&quot;&quot;,&quot;orientation&quot;:&quot;0&quot;}\" data-image-title=\"50klimatyzacja2\" data-image-description=\"\" data-image-caption=\"\" data-large-file=\"http:\/\/willahome.pl\/wp-content\/uploads\/2017\/04\/50klimatyzacja2.png\" loading=\"lazy\" decoding=\"async\" class=\"alignnone size-full wp-image-512\" src=\"http:\/\/willahome.pl\/wp-content\/uploads\/2017\/04\/50klimatyzacja2.png\" alt=\"\" width=\"50\" height=\"50\" \/><br \/> Klimatyzacja<\/p>\n<\/div>\n<\/div><\/div><\/div><div id=\"panel-562-0-0-5\" class=\"so-panel widget widget_sow-editor\" data-index=\"5\" ><div class=\"piktogram panel-widget-style panel-widget-style-for-562-0-0-5\" ><div\n\t\t\t\n\t\t\tclass=\"so-widget-sow-editor so-widget-sow-editor-base\"\n\t\t\t\n\t\t>\n<div class=\"siteorigin-widget-tinymce textwidget\">\n\t<p><img data-attachment-id=\"817\" data-permalink=\"http:\/\/willahome.pl\/pl\/apartament\/50wygodne-lozko\/#main\" data-orig-file=\"http:\/\/willahome.pl\/wp-content\/uploads\/2017\/04\/50wygodne-lozko.png\" data-orig-size=\"50,50\" data-comments-opened=\"0\" data-image-meta=\"{&quot;aperture&quot;:&quot;0&quot;,&quot;credit&quot;:&quot;&quot;,&quot;camera&quot;:&quot;&quot;,&quot;caption&quot;:&quot;&quot;,&quot;created_timestamp&quot;:&quot;0&quot;,&quot;copyright&quot;:&quot;&quot;,&quot;focal_length&quot;:&quot;0&quot;,&quot;iso&quot;:&quot;0&quot;,&quot;shutter_speed&quot;:&quot;0&quot;,&quot;title&quot;:&quot;&quot;,&quot;orientation&quot;:&quot;0&quot;}\" data-image-title=\"50wygodne-lozko\" data-image-description=\"\" data-image-caption=\"\" data-large-file=\"http:\/\/willahome.pl\/wp-content\/uploads\/2017\/04\/50wygodne-lozko.png\" loading=\"lazy\" decoding=\"async\" class=\"alignnone size-full wp-image-817\" src=\"http:\/\/willahome.pl\/wp-content\/uploads\/2017\/04\/50wygodne-lozko.png\" alt=\"\" width=\"50\" height=\"50\" \/><br \/>wygodne \u0142\u00f3\u017cka<\/p>\n<\/div>\n<\/div><\/div><\/div><div id=\"panel-562-0-0-6\" class=\"so-panel widget widget_sow-editor\" data-index=\"6\" ><div class=\"piktogram panel-widget-style panel-widget-style-for-562-0-0-6\" ><div\n\t\t\t\n\t\t\tclass=\"so-widget-sow-editor so-widget-sow-editor-base\"\n\t\t\t\n\t\t>\n<div class=\"siteorigin-widget-tinymce textwidget\">\n\t<p>\u00a0\u00a0\u00a0<i class=\"fa fa-volume-control-phone fa-4x\"><\/i>\u00a0\u00a0\u00a0<br \/> \u00a0Telefon\u00a0<\/p>\n<\/div>\n<\/div><\/div><\/div><div id=\"panel-562-0-0-7\" class=\"so-panel widget widget_sow-editor\" data-index=\"7\" ><div class=\"piktogram panel-widget-style panel-widget-style-for-562-0-0-7\" ><div\n\t\t\t\n\t\t\tclass=\"so-widget-sow-editor so-widget-sow-editor-base\"\n\t\t\t\n\t\t>\n<div class=\"siteorigin-widget-tinymce textwidget\">\n\t<p><i class=\"fa fa-bath fa-4x\" aria-hidden=\"true\"><\/i><br \/> Wanna\u00a0z hydromasa\u017cem<\/p>\n<\/div>\n<\/div><\/div><\/div><div id=\"panel-562-0-0-8\" class=\"so-panel widget widget_sow-editor\" data-index=\"8\" ><div class=\"piktogram panel-widget-style panel-widget-style-for-562-0-0-8\" ><div\n\t\t\t\n\t\t\tclass=\"so-widget-sow-editor so-widget-sow-editor-base\"\n\t\t\t\n\t\t>\n<div class=\"siteorigin-widget-tinymce textwidget\">\n\t<p><i class=\"fa fa-wifi fa-4x\"><\/i><br \/> WiFi<\/p>\n<\/div>\n<\/div><\/div><\/div><div id=\"panel-562-0-0-9\" class=\"so-panel widget widget_sow-editor\" data-index=\"9\" ><div class=\"piktogram panel-widget-style panel-widget-style-for-562-0-0-9\" ><div\n\t\t\t\n\t\t\tclass=\"so-widget-sow-editor so-widget-sow-editor-base\"\n\t\t\t\n\t\t>\n<div class=\"siteorigin-widget-tinymce textwidget\">\n\t<p><img data-attachment-id=\"519\" data-permalink=\"http:\/\/willahome.pl\/pl\/pokoje\/pokoje-standard\/50reczniki\/#main\" data-orig-file=\"http:\/\/willahome.pl\/wp-content\/uploads\/2017\/04\/50reczniki.png\" data-orig-size=\"50,50\" data-comments-opened=\"0\" data-image-meta=\"{&quot;aperture&quot;:&quot;0&quot;,&quot;credit&quot;:&quot;&quot;,&quot;camera&quot;:&quot;&quot;,&quot;caption&quot;:&quot;&quot;,&quot;created_timestamp&quot;:&quot;0&quot;,&quot;copyright&quot;:&quot;&quot;,&quot;focal_length&quot;:&quot;0&quot;,&quot;iso&quot;:&quot;0&quot;,&quot;shutter_speed&quot;:&quot;0&quot;,&quot;title&quot;:&quot;&quot;,&quot;orientation&quot;:&quot;0&quot;}\" data-image-title=\"50reczniki\" data-image-description=\"\" data-image-caption=\"\" data-large-file=\"http:\/\/willahome.pl\/wp-content\/uploads\/2017\/04\/50reczniki.png\" loading=\"lazy\" decoding=\"async\" class=\"alignnone size-full wp-image-519\" src=\"http:\/\/willahome.pl\/wp-content\/uploads\/2017\/04\/50reczniki.png\" alt=\"\" width=\"50\" height=\"50\" \/><br \/> R\u0119czniki<\/p>\n<\/div>\n<\/div><\/div><\/div><div id=\"panel-562-0-0-10\" class=\"so-panel widget widget_sow-editor panel-last-child\" data-index=\"10\" ><div class=\"piktogram panel-widget-style panel-widget-style-for-562-0-0-10\" ><div\n\t\t\t\n\t\t\tclass=\"so-widget-sow-editor so-widget-sow-editor-base\"\n\t\t\t\n\t\t>\n<div class=\"siteorigin-widget-tinymce textwidget\">\n\t<p><img data-attachment-id=\"510\" data-permalink=\"http:\/\/willahome.pl\/pl\/pokoje\/pokoje-standard\/50hair-dryer-icon\/#main\" data-orig-file=\"http:\/\/willahome.pl\/wp-content\/uploads\/2017\/04\/50Hair-Dryer-icon.png\" data-orig-size=\"50,50\" data-comments-opened=\"0\" data-image-meta=\"{&quot;aperture&quot;:&quot;0&quot;,&quot;credit&quot;:&quot;&quot;,&quot;camera&quot;:&quot;&quot;,&quot;caption&quot;:&quot;&quot;,&quot;created_timestamp&quot;:&quot;0&quot;,&quot;copyright&quot;:&quot;&quot;,&quot;focal_length&quot;:&quot;0&quot;,&quot;iso&quot;:&quot;0&quot;,&quot;shutter_speed&quot;:&quot;0&quot;,&quot;title&quot;:&quot;&quot;,&quot;orientation&quot;:&quot;0&quot;}\" data-image-title=\"50Hair-Dryer-icon\" data-image-description=\"\" data-image-caption=\"\" data-large-file=\"http:\/\/willahome.pl\/wp-content\/uploads\/2017\/04\/50Hair-Dryer-icon.png\" loading=\"lazy\" decoding=\"async\" class=\"alignnone size-full wp-image-510\" src=\"http:\/\/willahome.pl\/wp-content\/uploads\/2017\/04\/50Hair-Dryer-icon.png\" alt=\"\" width=\"50\" height=\"50\" \/><br \/> Suszarka do w\u0142os\u00f3w<\/p>\n<\/div>\n<\/div><\/div><\/div><\/div><\/div><\/div><\/div><div id=\"pg-562-1\"  class=\"panel-grid panel-has-style\" ><div class=\"siteorigin-panels-stretch panel-row-style panel-row-style-for-562-1\" data-stretch-type=\"full\" ><div id=\"pgc-562-1-0\"  class=\"panel-grid-cell\" ><div id=\"panel-562-1-0-0\" class=\"so-panel widget widget_sow-editor panel-first-child panel-last-child\" data-index=\"11\" ><div\n\t\t\t\n\t\t\tclass=\"so-widget-sow-editor so-widget-sow-editor-base\"\n\t\t\t\n\t\t>\n<div class=\"siteorigin-widget-tinymce textwidget\">\n\t<table class=\"tableprice uppercase\" style=\"width: 72.7495%;\">\n<tbody>\n<tr class=\"bgfafa\">\n<td style=\"width: 56.603%;\"><strong>Cennik us\u0142ugi noclegowej:<\/strong><\/td>\n<td style=\"width: 96.4079%;\"><strong>APARTAMENT:<\/strong><\/td>\n<\/tr>\n<tr class=\"bgwhite\">\n<td style=\"width: 56.603%;\">jedno\/dwuosobowy<\/td>\n<td style=\"width: 96.4079%;\">590,00 PLN** \/ 690,00 PLN***<\/td>\n<\/tr>\n<tr class=\"bgfafa\">\n<td style=\"width: 56.603%;\">dostawka<\/td>\n<td style=\"width: 96.4079%;\">200,00 PLN<\/td>\n<\/tr>\n<tr>\n<td style=\"width: 153.011%;\" colspan=\"2\">*Ceny zawieraj\u0105 podatek VAT i \u015bniadanie, nie zawieraj\u0105 op\u0142aty miejscowej: 3,70 PLN\/os.\/doba<\/td>\n<\/tr>\n<tr>\n<td colspan=\"2\">**sezon niski (od 03.01.2024 do 30.03.2024 oraz od 01.10.2024 do 23.12.2024)<\/td>\n<\/tr>\n<tr>\n<td style=\"width: 153.011%;\" colspan=\"2\">***sezon wysoki (od 01.04.2024 do 30.09.2024)<\/td>\n<\/tr>\n<\/tbody>\n<\/table>\n<\/div>\n<\/div><\/div><\/div><\/div><\/div><div id=\"pg-562-2\"  class=\"panel-grid panel-no-style\" ><div id=\"pgc-562-2-0\"  class=\"panel-grid-cell\" ><div id=\"panel-562-2-0-0\" class=\"so-panel widget widget_sow-editor panel-first-child panel-last-child\" data-index=\"12\" ><div\n\t\t\t\n\t\t\tclass=\"so-widget-sow-editor so-widget-sow-editor-base\"\n\t\t\t\n\t\t>\n<div class=\"siteorigin-widget-tinymce textwidget\">\n\t<\/div>\n<\/div><\/div><\/div><\/div><\/div>","protected":false},"excerpt":{"rendered":"<p>Po\u015bciel antyalergiczna biurko do pracy \u00a0\u00a0\u00a0\u00a0\u00a0\u00a0 Dwa\u00a0TV Kosmetyki \u00a0\u00a0\u00a0\u00a0\u00a0\u00a0\u00a0\u00a0\u00a0\u00a0\u00a0\u00a0\u00a0\u00a0\u00a0\u00a0\u00a0 Klimatyzacja wygodne \u0142\u00f3\u017cka \u00a0\u00a0\u00a0\u00a0\u00a0\u00a0 \u00a0Telefon\u00a0 Wanna\u00a0z hydromasa\u017cem WiFi R\u0119czniki Suszarka do w\u0142os\u00f3w Cennik us\u0142ugi noclegowej: APARTAMENT: jedno\/dwuosobowy 590,00 PLN** \/ 690,00 PLN*** dostawka 200,00 PLN *Ceny zawieraj\u0105 podatek VAT i \u015bniadanie, nie zawieraj\u0105 op\u0142aty miejscowej: 3,70 PLN\/os.\/doba **sezon niski (od 03.01.2024&#8230; <\/p>\n","protected":false},"author":2,"featured_media":1770,"parent":0,"menu_order":0,"comment_status":"closed","ping_status":"closed","template":"","meta":{"footnotes":""},"class_list":["post-562","page","type-page","status-publish","has-post-thumbnail","hentry"],"aioseo_notices":[],"jetpack_shortlink":"https:\/\/wp.me\/P9LNh4-94","jetpack_sharing_enabled":true,"_links":{"self":[{"href":"http:\/\/willahome.pl\/pl\/wp-json\/wp\/v2\/pages\/562","targetHints":{"allow":["GET"]}}],"collection":[{"href":"http:\/\/willahome.pl\/pl\/wp-json\/wp\/v2\/pages"}],"about":[{"href":"http:\/\/willahome.pl\/pl\/wp-json\/wp\/v2\/types\/page"}],"author":[{"embeddable":true,"href":"http:\/\/willahome.pl\/pl\/wp-json\/wp\/v2\/users\/2"}],"replies":[{"embeddable":true,"href":"http:\/\/willahome.pl\/pl\/wp-json\/wp\/v2\/comments?post=562"}],"version-history":[{"count":23,"href":"http:\/\/willahome.pl\/pl\/wp-json\/wp\/v2\/pages\/562\/revisions"}],"predecessor-version":[{"id":2177,"href":"http:\/\/willahome.pl\/pl\/wp-json\/wp\/v2\/pages\/562\/revisions\/2177"}],"wp:featuredmedia":[{"embeddable":true,"href":"http:\/\/willahome.pl\/pl\/wp-json\/wp\/v2\/media\/1770"}],"wp:attachment":[{"href":"http:\/\/willahome.pl\/pl\/wp-json\/wp\/v2\/media?parent=562"}],"curies":[{"name":"wp","href":"https:\/\/api.w.org\/{rel}","templated":true}]}}