{"id":1684,"date":"2018-05-24T14:59:24","date_gmt":"2018-05-24T14:59:24","guid":{"rendered":"http:\/\/willahome.pl\/?page_id=1684"},"modified":"2018-05-29T14:04:23","modified_gmt":"2018-05-29T14:04:23","slug":"polityka-prywatnosci","status":"publish","type":"page","link":"https:\/\/willahome.pl\/pl\/polityka-prywatnosci\/","title":{"rendered":"Polityka prywatno\u015bci"},"content":{"rendered":"<h3 style=\"font-weight: 400;\">Polityka Ochrony Danych Osobowych<\/h3>\n<p style=\"font-weight: 400;\">Poufno\u015b\u0107 danych i\u00a0ochrona prywatno\u015bci naszych Klient\u00f3w stanowi dla nas kwesti\u0119 priorytetow\u0105. W\u00a0zwi\u0105zku z\u00a0tym w\u00a0trosce o\u00a0bezpiecze\u0144stwo Twoich danych oraz\u00a0respektuj\u0105c obowi\u0105zuj\u0105ce przepisy prawa, ustanowiono polityk\u0119 okre\u015blaj\u0105c\u0105 zasady dotycz\u0105ce sposobu gromadzenia, przetwarzania i\u00a0wykorzystywania danych osobowych.<\/p>\n<h3 style=\"font-weight: 400;\">Administrator Danych Osobowych<\/h3>\n<p style=\"font-weight: 400;\">Administratorem Twoich danych osobowych jest Park Kajetany Sp. z\u00a0o.o. z\u00a0siedzib\u0105 w\u00a0<a href=\"https:\/\/maps.google.com\/?q=Kajetanach+05-830+Nadarzyn,+ul.+Mokra+7&amp;entry=gmail&amp;source=g\">Kajetanach 05-830 Nadarzyn, ul. Mokra 7<\/a>.<\/p>\n<h3 style=\"font-weight: 400;\">Inspektor Ochrony Danych<\/h3>\n<p style=\"font-weight: 400;\">Wyznaczyli\u015bmy inspektora ochrony danych. Jest to osoba, z\u00a0kt\u00f3r\u0105 mo\u017cesz si\u0119 kontaktowa\u0107 we wszystkich sprawach dotycz\u0105cych przetwarzania danych osobowych oraz korzystania z\u00a0praw zwi\u0105zanych z\u00a0przetwarzaniem danych. Z\u00a0inspektorem mo\u017cesz si\u0119 kontaktowa\u0107 w\u00a0nast\u0119puj\u0105cy spos\u00f3b:<\/p>\n<ul>\n<li style=\"font-weight: 400;\">listownie na adres: Inspektor Danych Osobowych Park Kajetany Sp. z o.o.,\u00a0<a href=\"https:\/\/maps.google.com\/?q=ul.+Mokra+7,+Kajetany+05-830+Nadarzyn&amp;entry=gmail&amp;source=g\">ul. Mokra 7, Kajetany 05-830 Nadarzyn<\/a><\/li>\n<li style=\"font-weight: 400;\">przez e-mail: <a href=\"daneosobowe@parkajetany.pl\">daneosobowe@parkajetany.pl<\/a><\/li>\n<\/ul>\n<h3 style=\"font-weight: 400;\">Dane osobowe<\/h3>\n<p style=\"font-weight: 400;\">Podane przez\u00a0Ciebie dane osobowe przetwarzane s\u0105 w\u00a0celu:<\/p>\n<ul>\n<li style=\"font-weight: 400;\">obj\u0119cia Ci\u0119 us\u0142ug\u0105 hotelow\u0105,<\/li>\n<li>obj\u0119cia Ci\u0119 us\u0142ug\u0105 rekreacyjn\u0105,<\/li>\n<li>obj\u0119cia Ci\u0119 organizacj\u0105 eventu &#8211;\u00a0wydarze\u0144 muzycznych, towarzyskich,<\/li>\n<li style=\"font-weight: 400;\">dokonania rozlicze\u0144 z\u00a0tytu\u0142u prowadzonej dzia\u0142alno\u015bci gospodarczej,<\/li>\n<li style=\"font-weight: 400;\">obs\u0142u\u017cenia reklamacji je\u015bli wp\u0142yn\u0105,<\/li>\n<li style=\"font-weight: 400;\">archiwizowania Twoich danych zgodnie z\u00a0przepisami prawa,<\/li>\n<li style=\"font-weight: 400;\">zapewnienia bezpiecze\u0144stwa os\u00f3b i\u00a0mienia (prowadzony monitoring wizyjny).<\/li>\n<\/ul>\n<h3 style=\"font-weight: 400;\">Zabezpieczenie Danych Osobowych<\/h3>\n<p style=\"font-weight: 400;\">Park Kajetany sp. z\u00a0o.o. stosuje \u015brodki organizacyjne, proceduralne i\u00a0techniczne maj\u0105ce na celu zabezpieczy\u0107 przetwarzane dane. W naszej organizacji stosowane s\u0105 \u015brodki, aby w\u00a0jak najlepszy spos\u00f3b zabezpieczy\u0107 dane osobowe i\u00a0prywatno\u015b\u0107 os\u00f3b, kt\u00f3rych dane dotycz\u0105. Dob\u00f3r stosowanych \u015brodk\u00f3w wynika z\u00a0analizy ryzyka i\u00a0oceny skutk\u00f3w przetwarzania.<\/p>\n<h3 style=\"font-weight: 400;\">Przys\u0142uguj\u0105 Ci nast\u0119puj\u0105ce prawa zwi\u0105zane z\u00a0przetwarzaniem danych osobowych:<\/h3>\n<ol>\n<li style=\"font-weight: 400;\">prawo do wniesienia sprzeciwu wobec przetwarzania danych w\u00a0celach marketingowych,<\/li>\n<li style=\"font-weight: 400;\">prawo do wniesienia sprzeciwu wobec przetwarzania danych ze wzgl\u0119du na szczeg\u00f3ln\u0105 sytuacj\u0119 \u2013 w\u00a0przypadkach, kiedy przetwarzamy Twoje dane na podstawie naszego prawnie uzasadnionego interesu,<\/li>\n<li style=\"font-weight: 400;\">prawo wycofania zgody,<\/li>\n<li style=\"font-weight: 400;\">prawo dost\u0119pu do Twoich danych osobowych,<\/li>\n<li style=\"font-weight: 400;\">prawo \u017c\u0105dania sprostowania Twoich danych osobowych,<\/li>\n<li style=\"font-weight: 400;\">prawo \u017c\u0105dania usuni\u0119cia Twoich danych osobowych, tylko w\u00a0sytuacji je\u015bli nie b\u0119dziemy zobligowani przepisami prawa do ich przetwarzania,<\/li>\n<li style=\"font-weight: 400;\">prawo \u017c\u0105dania ograniczenia przetwarzania Twoich danych osobowych,<\/li>\n<li style=\"font-weight: 400;\">prawo do przenoszenia Twoich danych osobowych, tj. prawo otrzymania od nas Twoich danych osobowych, w\u00a0ustrukturyzowanym, powszechnie u\u017cywanym formacie informatycznym nadaj\u0105cym si\u0119 do odczytu maszynowego. Mo\u017cesz przes\u0142a\u0107 te dane innemu administratorowi danych lub za\u017c\u0105da\u0107, aby\u015bmy przes\u0142ali Twoje dane do innego administratora. Jednak\u017ce zrobimy to tylko je\u015bli takie przes\u0142anie jest technicznie mo\u017cliwe.<\/li>\n<li style=\"font-weight: 400;\">prawo do usuni\u0119cia danych.<\/li>\n<\/ol>\n<p style=\"font-weight: 400;\">Aby skorzysta\u0107 z\u00a0powy\u017cszych praw, skontaktuj si\u0119 z\u00a0nami lub z\u00a0naszym inspektorem ochrony danych.<\/p>\n<p style=\"font-weight: 400;\">Przys\u0142uguje Ci tak\u017ce prawo wniesienia skargi do organu nadzorczego zajmuj\u0105cego si\u0119 ochron\u0105 danych osobowych, tj. Prezesa Urz\u0119du Ochrony Danych Osobowych.<\/p>\n<h3 style=\"font-weight: 400;\">Dane zbierane automatycznie<\/h3>\n<p style=\"font-weight: 400;\">Podczas wizyty na\u00a0naszej stronie internetowej, automatycznie rejestrowane s\u0105 dane dotycz\u0105ce Pa\u0144stwa aktywno\u015bci, m. in. adres IP, typ przegl\u0105darki, typ systemu operacyjnego. Dane te wykorzystywane s\u0105 tylko\u00a0i\u00a0wy\u0142\u0105cznie w\u00a0celach administracyjnych i\u00a0statystycznych.<\/p>\n<p style=\"display: none; font-weight: 400;\"><span style=\"color: #ff0000;\"><strong>Przesy\u0142anie danych osobowych i\u00a0komunikacja z\u00a0naszymi serwerami jest zaszyfrowana i\u00a0odbywa si\u0119 z\u00a0u\u017cyciem protoko\u0142u SSL (Secure Socket Layer). Serwery, na\u00a0kt\u00f3rych\u00a0przechowywane s\u0105 dane osobowe s\u0105 w\u0142asno\u015bci\u0105 Parku Kajetany sp. z o.o. i\u00a0s\u0105 zabezpieczone przed\u00a0dost\u0119pem os\u00f3b nieupowa\u017cnionych.<\/strong><\/span><\/p>\n<h3 style=\"font-weight: 400;\">Wykorzystanie ciasteczek (\u201ecookies\u201d)<\/h3>\n<p style=\"font-weight: 400;\">Nasza strona internetowa mo\u017ce wykorzystywa\u0107 mechanizm \u201ecookies\u201d, kt\u00f3ry\u00a0s\u0142u\u017cy identyfikacji sesji u\u017cytkownika podczas korzystania z\u00a0naszej strony. \u201eCiasteczka\u201d nie\u00a0zawieraj\u0105 \u017cadnych danych osobowych i\u00a0zapewniaj\u0105 poprawne dzia\u0142anie aplikacji.<\/p>\n<p style=\"font-weight: 400;\">W\u00a0celu zablokowania przesy\u0142ania tego typu plik\u00f3w nale\u017cy odpowiednio ustawi\u0107 przegl\u0105dark\u0119 maj\u0105c na\u00a0uwadze to, \u017ce\u00a0niekt\u00f3re funkcje witryny mog\u0105 nie\u00a0dzia\u0142a\u0107.<\/p>\n<h3 style=\"font-weight: 400;\">Udost\u0119pnianie danych podmiotom trzecim<\/h3>\n<p style=\"font-weight: 400;\">Park Kajetany sp. z\u00a0o.o. b\u0119dzie przekazywa\u0107 Twoje dane osobowe:<\/p>\n<ul>\n<li style=\"font-weight: 400;\">podmiotom przetwarzaj\u0105cym dane w\u00a0imieniu administratora danych,<\/li>\n<li style=\"font-weight: 400;\">podmiotom uprawnionym przepisami prawa,<\/li>\n<li style=\"font-weight: 400;\">podmiotom i\u00a0osobom fizycznym upowa\u017cnionym przez Ciebie.<\/li>\n<\/ul>\n<p style=\"font-weight: 400;\">Park Kajetany sp. z\u00a0o.o. zastrzega sobie prawo do\u00a0zmian w\u00a0tre\u015bci polityki prywatno\u015bci w\u00a0sytuacji zmian w\u00a0przepisach prawa polskiego lub wdra\u017cania nowych rozwi\u0105zaniach technologiczno-informatycznych.<\/p>\n","protected":false},"excerpt":{"rendered":"<p>Polityka Ochrony Danych Osobowych Poufno\u015b\u0107 danych i\u00a0ochrona prywatno\u015bci naszych Klient\u00f3w stanowi dla nas kwesti\u0119 priorytetow\u0105. W\u00a0zwi\u0105zku z\u00a0tym w\u00a0trosce o\u00a0bezpiecze\u0144stwo Twoich danych oraz\u00a0respektuj\u0105c obowi\u0105zuj\u0105ce przepisy prawa, ustanowiono polityk\u0119 okre\u015blaj\u0105c\u0105 zasady dotycz\u0105ce sposobu gromadzenia, przetwarzania i\u00a0wykorzystywania danych osobowych. Administrator Danych Osobowych Administratorem Twoich danych osobowych jest Park Kajetany Sp. z\u00a0o.o. z\u00a0siedzib\u0105 w\u00a0Kajetanach&#8230; <\/p>\n","protected":false},"author":2,"featured_media":0,"parent":0,"menu_order":0,"comment_status":"closed","ping_status":"closed","template":"template-no-sidebar.php","meta":{"footnotes":""},"class_list":["post-1684","page","type-page","status-publish","hentry"],"aioseo_notices":[],"jetpack_shortlink":"https:\/\/wp.me\/P9LNh4-ra","jetpack_sharing_enabled":true,"_links":{"self":[{"href":"https:\/\/willahome.pl\/pl\/wp-json\/wp\/v2\/pages\/1684","targetHints":{"allow":["GET"]}}],"collection":[{"href":"https:\/\/willahome.pl\/pl\/wp-json\/wp\/v2\/pages"}],"about":[{"href":"https:\/\/willahome.pl\/pl\/wp-json\/wp\/v2\/types\/page"}],"author":[{"embeddable":true,"href":"https:\/\/willahome.pl\/pl\/wp-json\/wp\/v2\/users\/2"}],"replies":[{"embeddable":true,"href":"https:\/\/willahome.pl\/pl\/wp-json\/wp\/v2\/comments?post=1684"}],"version-history":[{"count":3,"href":"https:\/\/willahome.pl\/pl\/wp-json\/wp\/v2\/pages\/1684\/revisions"}],"predecessor-version":[{"id":1693,"href":"https:\/\/willahome.pl\/pl\/wp-json\/wp\/v2\/pages\/1684\/revisions\/1693"}],"wp:attachment":[{"href":"https:\/\/willahome.pl\/pl\/wp-json\/wp\/v2\/media?parent=1684"}],"curies":[{"name":"wp","href":"https:\/\/api.w.org\/{rel}","templated":true}]}}