{"id":1874,"date":"2019-07-08T08:55:56","date_gmt":"2019-07-08T08:55:56","guid":{"rendered":"http:\/\/willahome.pl\/?page_id=1874"},"modified":"2024-10-09T09:28:34","modified_gmt":"2024-10-09T09:28:34","slug":"pierogarnia","status":"publish","type":"page","link":"https:\/\/willahome.pl\/pl\/pierogarnia\/","title":{"rendered":"PIEROGARNIA"},"content":{"rendered":"<div class=\"col910 floatleft mrgbottom40\">\n<blockquote>\n<div style=\"text-align: right;\"><strong><em>&#8222;&#8230; ach pierogi, pierogi moje cudne<\/em><\/strong><\/div>\n<div style=\"text-align: right;\"><strong><em>nie ravioli, tortellini, \u017caden paj.<\/em><\/strong><\/div>\n<div style=\"text-align: right;\"><strong><em>Bez pierog\u00f3w \u017cycie biedne jest i nudne,<\/em><\/strong><\/div>\n<div style=\"text-align: right;\"><strong><em>bo pierogi, prosz\u0119 Pa\u0144stwa to jest raj&#8230;&#8221; \u00a0<\/em><\/strong><\/div>\n<div style=\"text-align: right;\"><em>Ballada o pierogach &#8211; Gabriel Lawit<\/em><\/div>\n<\/blockquote>\n<\/div>\n<div>\n<p><img loading=\"lazy\" decoding=\"async\" class=\"alignright wp-image-1901\" src=\"http:\/\/willahome.pl\/wp-content\/uploads\/2019\/07\/WILLA-HOME_PIEROGARNIA_logo_AKCEPT_brown2-01-600x600.png\" alt=\"\" width=\"400\" height=\"400\" srcset=\"https:\/\/willahome.pl\/wp-content\/uploads\/2019\/07\/WILLA-HOME_PIEROGARNIA_logo_AKCEPT_brown2-01-600x600.png 600w, https:\/\/willahome.pl\/wp-content\/uploads\/2019\/07\/WILLA-HOME_PIEROGARNIA_logo_AKCEPT_brown2-01-240x240.png 240w, https:\/\/willahome.pl\/wp-content\/uploads\/2019\/07\/WILLA-HOME_PIEROGARNIA_logo_AKCEPT_brown2-01-768x768.png 768w, https:\/\/willahome.pl\/wp-content\/uploads\/2019\/07\/WILLA-HOME_PIEROGARNIA_logo_AKCEPT_brown2-01-1200x1200.png 1200w, https:\/\/willahome.pl\/wp-content\/uploads\/2019\/07\/WILLA-HOME_PIEROGARNIA_logo_AKCEPT_brown2-01.png 1600w\" sizes=\"auto, (max-width: 400px) 100vw, 400px\" \/><\/p>\n<p>&nbsp;<\/p>\n<p style=\"text-align: justify;\">PIEROGARNIA WILLA HOME, powsta\u0142a z my\u015bl\u0105 o potrawach tradycyjnych,\u00a0do kt\u00f3rych zaliczaj\u0105 si\u0119 tradycyjne i doskona\u0142e w swej prostocie PIEROGI. Kultywujemy najlepsze tradycje kulinarne wg domowych, sprawdzonych przepis\u00f3w. Pierogi lepimy r\u0119cznie z pasj\u0105 i sercem.<\/p>\n<p style=\"text-align: justify;\">W naszym menu s\u0105 pierogi wytrawne i deserowe, jarskie i dla mi\u0119so\u017cerc\u00f3w, do zjedzenia na miejscu i na wynos. Nasze motto \u201e pierogi jak u mamy, pierogi jak u babci\u201d.<\/p>\n<p style=\"text-align: justify;\"><strong>Sprawd\u017acie sami \u2013 Serdecznie zapraszamy!<\/strong><\/p>\n<div>Godziny otwarcia:<\/div>\n<div>codziennie: 11:00 &#8211; 20:00<\/div>\n<div><\/div>\n<div>adres:<\/div>\n<div>Willa Home<\/div>\n<div>87-720 Ciechocinek<\/div>\n<div>ul. T. Ko\u015bciuszki 20<\/div>\n<div>tel. +48 54 423 17 90<\/div>\n<\/div>\n<div><\/div>\n<h3><a href=\"http:\/\/willahome.pl\/wp-content\/uploads\/2024\/08\/menu-Pierogarnia.pdf\" target=\"_blank\" rel=\"noopener\">Sprawd\u017a nasze MENU\u00a0<\/a><\/h3>\n<div><\/div>\n<div><img loading=\"lazy\" decoding=\"async\" class=\"size-medium wp-image-1932 alignleft\" src=\"http:\/\/willahome.pl\/wp-content\/uploads\/2020\/03\/Godziny-otwarcia-11_00-20_0048-54-423-17-90-www.willahome.pl-2-600x503.png\" alt=\"\" width=\"600\" height=\"503\" srcset=\"https:\/\/willahome.pl\/wp-content\/uploads\/2020\/03\/Godziny-otwarcia-11_00-20_0048-54-423-17-90-www.willahome.pl-2-600x503.png 600w, https:\/\/willahome.pl\/wp-content\/uploads\/2020\/03\/Godziny-otwarcia-11_00-20_0048-54-423-17-90-www.willahome.pl-2-768x644.png 768w, https:\/\/willahome.pl\/wp-content\/uploads\/2020\/03\/Godziny-otwarcia-11_00-20_0048-54-423-17-90-www.willahome.pl-2.png 940w\" sizes=\"auto, (max-width: 600px) 100vw, 600px\" \/><\/div>\n","protected":false},"excerpt":{"rendered":"<p>&#8222;&#8230; ach pierogi, pierogi moje cudne nie ravioli, tortellini, \u017caden paj. Bez pierog\u00f3w \u017cycie biedne jest i nudne, bo pierogi, prosz\u0119 Pa\u0144stwa to jest raj&#8230;&#8221; \u00a0 Ballada o pierogach &#8211; Gabriel Lawit &nbsp; PIEROGARNIA WILLA HOME, powsta\u0142a z my\u015bl\u0105 o potrawach tradycyjnych,\u00a0do kt\u00f3rych zaliczaj\u0105 si\u0119 tradycyjne i doskona\u0142e w swej&#8230; <\/p>\n","protected":false},"author":2,"featured_media":1886,"parent":0,"menu_order":0,"comment_status":"closed","ping_status":"closed","template":"","meta":{"footnotes":""},"class_list":["post-1874","page","type-page","status-publish","has-post-thumbnail","hentry"],"aioseo_notices":[],"jetpack_shortlink":"https:\/\/wp.me\/P9LNh4-ue","jetpack_sharing_enabled":true,"_links":{"self":[{"href":"https:\/\/willahome.pl\/pl\/wp-json\/wp\/v2\/pages\/1874","targetHints":{"allow":["GET"]}}],"collection":[{"href":"https:\/\/willahome.pl\/pl\/wp-json\/wp\/v2\/pages"}],"about":[{"href":"https:\/\/willahome.pl\/pl\/wp-json\/wp\/v2\/types\/page"}],"author":[{"embeddable":true,"href":"https:\/\/willahome.pl\/pl\/wp-json\/wp\/v2\/users\/2"}],"replies":[{"embeddable":true,"href":"https:\/\/willahome.pl\/pl\/wp-json\/wp\/v2\/comments?post=1874"}],"version-history":[{"count":24,"href":"https:\/\/willahome.pl\/pl\/wp-json\/wp\/v2\/pages\/1874\/revisions"}],"predecessor-version":[{"id":2193,"href":"https:\/\/willahome.pl\/pl\/wp-json\/wp\/v2\/pages\/1874\/revisions\/2193"}],"wp:featuredmedia":[{"embeddable":true,"href":"https:\/\/willahome.pl\/pl\/wp-json\/wp\/v2\/media\/1886"}],"wp:attachment":[{"href":"https:\/\/willahome.pl\/pl\/wp-json\/wp\/v2\/media?parent=1874"}],"curies":[{"name":"wp","href":"https:\/\/api.w.org\/{rel}","templated":true}]}}