{"id":2115,"date":"2023-01-18T13:47:20","date_gmt":"2023-01-18T13:47:20","guid":{"rendered":"https:\/\/willahome.pl\/?page_id=2115"},"modified":"2024-08-29T14:29:40","modified_gmt":"2024-08-29T14:29:40","slug":"walentynki-w-ciechocinku","status":"publish","type":"page","link":"https:\/\/willahome.pl\/pl\/walentynki-w-ciechocinku\/","title":{"rendered":"WALENTYNKI W CIECHOCINKU"},"content":{"rendered":"<h3 style=\"text-align: justify;\">Zapraszamy wszystkie zakochane pary na weekend pe\u0142en magii.. w\u015br\u00f3d blasku \u015bwiec, fenomenalnych potraw, relaksuj\u0105cych zabieg\u00f3w w SPA.<\/h3>\n<p>&nbsp;<\/p>\n<h3 style=\"text-align: justify;\">Z my\u015bl\u0105 o Was przygotowali\u015bmy wyj\u0105tkowy pakiet Walentynkowy \u2665\ufe0f<\/h3>\n<p class=\"Standard\"><b><span style=\"font-size: 14.0pt;\">Termin: 10.02 \u2013 12.02.2023 r.<\/span><\/b><\/p>\n<p><u>W ramach pakietu oferujemy:<\/u><\/p>\n<p><strong>\u25aa<\/strong>\u00a0 2 noclegi w\u00a0 komfortowych pokojach<\/p>\n<p><strong>\u25aa<\/strong>\u00a0 \u015bniadania w formie bufetu 2x<\/p>\n<p><strong>\u25aa<\/strong>\u00a0 obiadokolacje 2x<\/p>\n<p><strong>\u25aa\u00a0 <\/strong>masa\u017c suchy na \u0142\u00f3\u017cku wodnym 1x ( 20 min.) dla ka\u017cdej osoby<\/p>\n<p><strong>\u25aa niespodzianka \u201eWalentynkowa\u201d w pokoju<\/strong><\/p>\n<p><strong>\u25aa<\/strong>\u00a0 bezp\u0142atne WiFi<\/p>\n<p><strong>\u25aa<\/strong>\u00a0 bezp\u0142atny parking na terenie O\u015brodka<\/p>\n<p><strong>\u00a0<\/strong><\/p>\n<p><strong><u>Cena Pakietu dla 2 os\u00f3b \u2013 880,00 z\u0142<\/u><\/strong><\/p>\n<p>&nbsp;<\/p>\n<p>Ceny zawieraj\u0105 podatek VAT<\/p>\n<p>Ceny nie zawieraj\u0105 op\u0142aty miejscowej : 3,70 PLN \/ os. \/doba<\/p>\n<p>Doba hotelowa rozpoczyna si\u0119 o godz. 14:00 i ko\u0144czy o godz.12:00 dnia ostatniego.<\/p>\n<p>Pierwszy posi\u0142ek: obiadokolacja<\/p>\n<p>Ostatni posi\u0142ek: \u015bniadanie<\/p>\n<p>&nbsp;<\/p>\n","protected":false},"excerpt":{"rendered":"<p>Zapraszamy wszystkie zakochane pary na weekend pe\u0142en magii.. w\u015br\u00f3d blasku \u015bwiec, fenomenalnych potraw, relaksuj\u0105cych zabieg\u00f3w w SPA. &nbsp; Z my\u015bl\u0105 o Was przygotowali\u015bmy wyj\u0105tkowy pakiet Walentynkowy \u2665\ufe0f Termin: 10.02 \u2013 12.02.2023 r. W ramach pakietu oferujemy: \u25aa\u00a0 2 noclegi w\u00a0 komfortowych pokojach \u25aa\u00a0 \u015bniadania w formie bufetu 2x \u25aa\u00a0 obiadokolacje&#8230; <\/p>\n","protected":false},"author":5,"featured_media":2116,"parent":0,"menu_order":0,"comment_status":"closed","ping_status":"closed","template":"","meta":{"footnotes":""},"class_list":["post-2115","page","type-page","status-publish","has-post-thumbnail","hentry"],"aioseo_notices":[],"jetpack_shortlink":"https:\/\/wp.me\/P9LNh4-y7","jetpack_sharing_enabled":true,"_links":{"self":[{"href":"https:\/\/willahome.pl\/pl\/wp-json\/wp\/v2\/pages\/2115","targetHints":{"allow":["GET"]}}],"collection":[{"href":"https:\/\/willahome.pl\/pl\/wp-json\/wp\/v2\/pages"}],"about":[{"href":"https:\/\/willahome.pl\/pl\/wp-json\/wp\/v2\/types\/page"}],"author":[{"embeddable":true,"href":"https:\/\/willahome.pl\/pl\/wp-json\/wp\/v2\/users\/5"}],"replies":[{"embeddable":true,"href":"https:\/\/willahome.pl\/pl\/wp-json\/wp\/v2\/comments?post=2115"}],"version-history":[{"count":2,"href":"https:\/\/willahome.pl\/pl\/wp-json\/wp\/v2\/pages\/2115\/revisions"}],"predecessor-version":[{"id":2163,"href":"https:\/\/willahome.pl\/pl\/wp-json\/wp\/v2\/pages\/2115\/revisions\/2163"}],"wp:featuredmedia":[{"embeddable":true,"href":"https:\/\/willahome.pl\/pl\/wp-json\/wp\/v2\/media\/2116"}],"wp:attachment":[{"href":"https:\/\/willahome.pl\/pl\/wp-json\/wp\/v2\/media?parent=2115"}],"curies":[{"name":"wp","href":"https:\/\/api.w.org\/{rel}","templated":true}]}}