{"id":23,"date":"2016-10-07T14:36:32","date_gmt":"2016-10-07T14:36:32","guid":{"rendered":"http:\/\/willahome.pl\/?page_id=23"},"modified":"2016-11-14T17:18:37","modified_gmt":"2016-11-14T17:18:37","slug":"hotel","status":"publish","type":"page","link":"https:\/\/willahome.pl\/pl\/hotel\/","title":{"rendered":"HOTEL"},"content":{"rendered":"<div id=\"pl-23\"  class=\"panel-layout\" ><div id=\"pg-23-0\"  class=\"panel-grid panel-no-style\" ><div id=\"pgc-23-0-0\"  class=\"panel-grid-cell\" ><div id=\"panel-23-0-0-0\" class=\"so-panel widget widget_sow-editor panel-first-child panel-last-child\" data-index=\"0\" ><div\n\t\t\t\n\t\t\tclass=\"so-widget-sow-editor so-widget-sow-editor-base\"\n\t\t\t\n\t\t>\n<div class=\"siteorigin-widget-tinymce textwidget\">\n\t<p><strong>3* gwiazdkowy Hotel Park Kajetany to doskona\u0142e miejsce, zar\u00f3wno dla go\u015bci biznesowych jak i rodzin z dzie\u0107mi.<\/strong><\/p>\n<p align=\"JUSTIFY\">Nasz hotel wyr\u00f3\u017cnia si\u0119 przestronnymi pokojami, znakomit\u0105 kuchni\u0105, wielofunkcyjnymi salami konferencyjnymi oraz bogatym zapleczem rekreacyjno-sportowym.<\/p>\n<p align=\"JUSTIFY\">Wszystko to sprawia i\u017c mamy idealne warunki do organizacji spotka\u0144 biznesowych, integracyjnych a tak\u017ce wszelkiego rodzaju imprez okoliczno\u015bciowych.<\/p>\n<p align=\"JUSTIFY\">Hotel Park Kajetany po\u0142o\u017cony jest tu\u017c przy trasie S8, 17 km od warszawskiego Lotniska im. Fryderyka Chopina, oraz 19 km od centrum Warszawy.<\/p>\n<p align=\"JUSTIFY\">Ponadto obiekt znajduje si\u0119 w bliskim s\u0105siedztwie <strong>Centrum S\u0142uchu i Mowy \u201eMedincus\u201d<\/strong> oraz centrum konferencyjnego <strong>Warsaw Expo<\/strong>.<\/p>\n<p align=\"JUSTIFY\"><strong>Hotel Park Kajetany ko\u0142o Nadarzyna oferuje:<\/strong><\/p>\n<ul>\n<li>30 nowoczesnych, przestronnych i komfortowo urz\u0105dzonych pokoi, w tym 1 pok\u00f3j przystosowany dla os\u00f3b niepe\u0142nosprawnych.<\/li>\n<li>3 Apartamenty<\/li>\n<li>3 sale konferencyjne (nazwy sal) z mo\u017cliwo\u015bci\u0105 po\u0142\u0105czenia w sal\u0119 (nazwa sali) dla 200 os\u00f3b.<\/li>\n<li>Restauracj\u0119 \u201ePod \u015alimakiem\u201d mieszcz\u0105c\u0105 do 150 os\u00f3b.<\/li>\n<li>Ogr\u00f3dek Letni.<\/li>\n<li>Przestronne Lobby.<\/li>\n<li>Klimatyczn\u0105 Chat\u0119 G\u00f3ralsk\u0105.<\/li>\n<li>Bezp\u0142atny dost\u0119p do Internetu WIFI na terenie ca\u0142ego Hotelu.<\/li>\n<li>Sklep.<\/li>\n<li>Aptek\u0119.<\/li>\n<li>Korty do tenisa, hal\u0119 sportow\u0105.<\/li>\n<li>Kr\u0119gielni\u0119.<\/li>\n<li>Jazdy konne.<\/li>\n<li>Parking hotelowy.<\/li>\n<\/ul>\n<p><strong>Dodatkowo, dla wygody naszych Go\u015bci, umo\u017cliwiamy skorzystanie z nast\u0119puj\u0105cych us\u0142ug:<\/strong><\/p>\n<ul>\n<li>Budzenie.<\/li>\n<li>Kwiaty.<\/li>\n<li>Transport (taxi) na trasie: hotel-lotnisko lub w dowolnie wybrane miejsce.<\/li>\n<li>Us\u0142ugi pralnicze.<\/li>\n<li>Wypo\u017cyczenie deski do prasowania i \u017celazka.<\/li>\n<li>Udost\u0119pniania sejfu w recepcji hotelowej.<\/li>\n<\/ul>\n<\/div>\n<\/div><\/div><\/div><\/div><\/div>","protected":false},"excerpt":{"rendered":"<p>3* gwiazdkowy Hotel Park Kajetany to doskona\u0142e miejsce, zar\u00f3wno dla go\u015bci biznesowych jak i rodzin z dzie\u0107mi.Nasz hotel wyr\u00f3\u017cnia si\u0119 przestronnymi pokojami, znakomit\u0105 kuchni\u0105, wielofunkcyjnymi salami konferencyjnymi oraz bogatym zapleczem rekreacyjno-sportowym.Wszystko to sprawia i\u017c mamy idealne warunki do organizacji spotka\u0144 biznesowych, integracyjnych a tak\u017ce wszelkiego rodzaju imprez okoliczno\u015bciowych.Hotel Park Kajetany&#8230; <\/p>\n","protected":false},"author":2,"featured_media":0,"parent":0,"menu_order":0,"comment_status":"closed","ping_status":"closed","template":"","meta":{"footnotes":""},"class_list":["post-23","page","type-page","status-publish","hentry"],"aioseo_notices":[],"jetpack_shortlink":"https:\/\/wp.me\/P9LNh4-n","jetpack_sharing_enabled":true,"_links":{"self":[{"href":"https:\/\/willahome.pl\/pl\/wp-json\/wp\/v2\/pages\/23","targetHints":{"allow":["GET"]}}],"collection":[{"href":"https:\/\/willahome.pl\/pl\/wp-json\/wp\/v2\/pages"}],"about":[{"href":"https:\/\/willahome.pl\/pl\/wp-json\/wp\/v2\/types\/page"}],"author":[{"embeddable":true,"href":"https:\/\/willahome.pl\/pl\/wp-json\/wp\/v2\/users\/2"}],"replies":[{"embeddable":true,"href":"https:\/\/willahome.pl\/pl\/wp-json\/wp\/v2\/comments?post=23"}],"version-history":[{"count":0,"href":"https:\/\/willahome.pl\/pl\/wp-json\/wp\/v2\/pages\/23\/revisions"}],"wp:attachment":[{"href":"https:\/\/willahome.pl\/pl\/wp-json\/wp\/v2\/media?parent=23"}],"curies":[{"name":"wp","href":"https:\/\/api.w.org\/{rel}","templated":true}]}}