{"id":27,"date":"2017-07-10T08:05:29","date_gmt":"2017-07-10T08:05:29","guid":{"rendered":"http:\/\/willahome.pl\/?page_id=27"},"modified":"2024-08-30T14:36:17","modified_gmt":"2024-08-30T14:36:17","slug":"pokoje-standard","status":"publish","type":"page","link":"https:\/\/willahome.pl\/pl\/pokoje\/pokoje-standard\/","title":{"rendered":"POKOJE STANDARD"},"content":{"rendered":"<div id=\"pl-27\"  class=\"panel-layout\" ><div id=\"pg-27-0\"  class=\"panel-grid panel-has-style\" ><div class=\"shadow panel-row-style panel-row-style-for-27-0\" ><div id=\"pgc-27-0-0\"  class=\"panel-grid-cell\" ><div class=\"iconstxt panel-cell-style panel-cell-style-for-27-0-0\" ><div id=\"panel-27-0-0-0\" class=\"so-panel widget widget_sow-editor panel-first-child\" data-index=\"0\" ><div class=\"piktogram panel-widget-style panel-widget-style-for-27-0-0-0\" ><div\n\t\t\t\n\t\t\tclass=\"so-widget-sow-editor so-widget-sow-editor-base\"\n\t\t\t\n\t\t>\n<div class=\"siteorigin-widget-tinymce textwidget\">\n\t<p><img data-attachment-id=\"513\" data-permalink=\"https:\/\/willahome.pl\/pl\/pokoje\/pokoje-standard\/50kosmetyki\/#main\" data-orig-file=\"https:\/\/willahome.pl\/wp-content\/uploads\/2017\/04\/50kosmetyki.png\" data-orig-size=\"50,50\" data-comments-opened=\"0\" data-image-meta=\"{&quot;aperture&quot;:&quot;0&quot;,&quot;credit&quot;:&quot;&quot;,&quot;camera&quot;:&quot;&quot;,&quot;caption&quot;:&quot;&quot;,&quot;created_timestamp&quot;:&quot;0&quot;,&quot;copyright&quot;:&quot;&quot;,&quot;focal_length&quot;:&quot;0&quot;,&quot;iso&quot;:&quot;0&quot;,&quot;shutter_speed&quot;:&quot;0&quot;,&quot;title&quot;:&quot;&quot;,&quot;orientation&quot;:&quot;0&quot;}\" data-image-title=\"50kosmetyki\" data-image-description=\"\" data-image-caption=\"\" data-large-file=\"https:\/\/willahome.pl\/wp-content\/uploads\/2017\/04\/50kosmetyki.png\" loading=\"lazy\" decoding=\"async\" src=\"http:\/\/willahome.pl\/wp-content\/uploads\/2017\/04\/50kosmetyki.png\" alt=\"\" width=\"50\" height=\"50\" class=\"alignnone size-full wp-image-513\" \/><br \/>\nKOSMETYKI<\/p>\n<\/div>\n<\/div><\/div><\/div><div id=\"panel-27-0-0-1\" class=\"so-panel widget widget_sow-editor\" data-index=\"1\" ><div class=\"piktogram panel-widget-style panel-widget-style-for-27-0-0-1\" ><div\n\t\t\t\n\t\t\tclass=\"so-widget-sow-editor so-widget-sow-editor-base\"\n\t\t\t\n\t\t>\n<div class=\"siteorigin-widget-tinymce textwidget\">\n\t<p><img data-attachment-id=\"508\" data-permalink=\"https:\/\/willahome.pl\/pl\/pokoje\/pokoje-standard\/50-2xlozko\/#main\" data-orig-file=\"https:\/\/willahome.pl\/wp-content\/uploads\/2017\/04\/50-2xlozko.png\" data-orig-size=\"50,50\" data-comments-opened=\"0\" data-image-meta=\"{&quot;aperture&quot;:&quot;0&quot;,&quot;credit&quot;:&quot;&quot;,&quot;camera&quot;:&quot;&quot;,&quot;caption&quot;:&quot;&quot;,&quot;created_timestamp&quot;:&quot;0&quot;,&quot;copyright&quot;:&quot;&quot;,&quot;focal_length&quot;:&quot;0&quot;,&quot;iso&quot;:&quot;0&quot;,&quot;shutter_speed&quot;:&quot;0&quot;,&quot;title&quot;:&quot;&quot;,&quot;orientation&quot;:&quot;0&quot;}\" data-image-title=\"50-2xlozko\" data-image-description=\"\" data-image-caption=\"\" data-large-file=\"https:\/\/willahome.pl\/wp-content\/uploads\/2017\/04\/50-2xlozko.png\" loading=\"lazy\" decoding=\"async\" src=\"http:\/\/willahome.pl\/wp-content\/uploads\/2017\/04\/50-2xlozko.png\" alt=\"\" width=\"50\" height=\"50\" class=\"alignnone size-full wp-image-508\" \/><br \/>\nWYGODNE \u0141\u00d3\u017bKA<\/p>\n<\/div>\n<\/div><\/div><\/div><div id=\"panel-27-0-0-2\" class=\"so-panel widget widget_sow-editor\" data-index=\"2\" ><div class=\"piktogram panel-widget-style panel-widget-style-for-27-0-0-2\" ><div\n\t\t\t\n\t\t\tclass=\"so-widget-sow-editor so-widget-sow-editor-base\"\n\t\t\t\n\t\t>\n<div class=\"siteorigin-widget-tinymce textwidget\">\n\t<p>&nbsp;&nbsp;&nbsp;<i class=\"fa fa-television fa-4x\"><\/i>&nbsp;&nbsp;&nbsp;\nTELEWIZOR<\/p><\/div>\n<\/div><\/div><\/div><div id=\"panel-27-0-0-3\" class=\"so-panel widget widget_sow-editor\" data-index=\"3\" ><div class=\"piktogram panel-widget-style panel-widget-style-for-27-0-0-3\" ><div\n\t\t\t\n\t\t\tclass=\"so-widget-sow-editor so-widget-sow-editor-base\"\n\t\t\t\n\t\t>\n<div class=\"siteorigin-widget-tinymce textwidget\">\n\t<p><img data-attachment-id=\"518\" data-permalink=\"https:\/\/willahome.pl\/pl\/pokoje\/pokoje-standard\/50praca\/#main\" data-orig-file=\"https:\/\/willahome.pl\/wp-content\/uploads\/2017\/04\/50praca.png\" data-orig-size=\"50,50\" data-comments-opened=\"0\" data-image-meta=\"{&quot;aperture&quot;:&quot;0&quot;,&quot;credit&quot;:&quot;&quot;,&quot;camera&quot;:&quot;&quot;,&quot;caption&quot;:&quot;&quot;,&quot;created_timestamp&quot;:&quot;0&quot;,&quot;copyright&quot;:&quot;&quot;,&quot;focal_length&quot;:&quot;0&quot;,&quot;iso&quot;:&quot;0&quot;,&quot;shutter_speed&quot;:&quot;0&quot;,&quot;title&quot;:&quot;&quot;,&quot;orientation&quot;:&quot;0&quot;}\" data-image-title=\"50praca\" data-image-description=\"\" data-image-caption=\"\" data-large-file=\"https:\/\/willahome.pl\/wp-content\/uploads\/2017\/04\/50praca.png\" loading=\"lazy\" decoding=\"async\" class=\"alignnone size-full wp-image-518\" src=\"http:\/\/willahome.pl\/wp-content\/uploads\/2017\/04\/50praca.png\" alt=\"\" width=\"50\" height=\"50\" \/><br \/>&nbsp;<br \/>\n biurko do pracy<\/p><\/div>\n<\/div><\/div><\/div><div id=\"panel-27-0-0-4\" class=\"so-panel widget widget_sow-editor\" data-index=\"4\" ><div class=\"piktogram panel-widget-style panel-widget-style-for-27-0-0-4\" ><div\n\t\t\t\n\t\t\tclass=\"so-widget-sow-editor so-widget-sow-editor-base\"\n\t\t\t\n\t\t>\n<div class=\"siteorigin-widget-tinymce textwidget\">\n\t<p><img data-attachment-id=\"512\" data-permalink=\"https:\/\/willahome.pl\/pl\/pokoje\/pokoje-standard\/50klimatyzacja2\/#main\" data-orig-file=\"https:\/\/willahome.pl\/wp-content\/uploads\/2017\/04\/50klimatyzacja2.png\" data-orig-size=\"50,50\" data-comments-opened=\"0\" data-image-meta=\"{&quot;aperture&quot;:&quot;0&quot;,&quot;credit&quot;:&quot;&quot;,&quot;camera&quot;:&quot;&quot;,&quot;caption&quot;:&quot;&quot;,&quot;created_timestamp&quot;:&quot;0&quot;,&quot;copyright&quot;:&quot;&quot;,&quot;focal_length&quot;:&quot;0&quot;,&quot;iso&quot;:&quot;0&quot;,&quot;shutter_speed&quot;:&quot;0&quot;,&quot;title&quot;:&quot;&quot;,&quot;orientation&quot;:&quot;0&quot;}\" data-image-title=\"50klimatyzacja2\" data-image-description=\"\" data-image-caption=\"\" data-large-file=\"https:\/\/willahome.pl\/wp-content\/uploads\/2017\/04\/50klimatyzacja2.png\" loading=\"lazy\" decoding=\"async\" class=\"alignnone size-full wp-image-512\" src=\"http:\/\/willahome.pl\/wp-content\/uploads\/2017\/04\/50klimatyzacja2.png\" alt=\"\" width=\"50\" height=\"50\" \/><br \/> Klimatyzacja<\/p><\/div>\n<\/div><\/div><\/div><div id=\"panel-27-0-0-5\" class=\"so-panel widget widget_sow-editor\" data-index=\"5\" ><div class=\"piktogram panel-widget-style panel-widget-style-for-27-0-0-5\" ><div\n\t\t\t\n\t\t\tclass=\"so-widget-sow-editor so-widget-sow-editor-base\"\n\t\t\t\n\t\t>\n<div class=\"siteorigin-widget-tinymce textwidget\">\n\t<p><i class=\"fa fa-shower fa-4x\" aria-hidden=\"true\"><\/i>\n\u0141azienka z prysznicem<\/p><\/div>\n<\/div><\/div><\/div><div id=\"panel-27-0-0-6\" class=\"so-panel widget widget_sow-editor\" data-index=\"6\" ><div class=\"piktogram panel-widget-style panel-widget-style-for-27-0-0-6\" ><div\n\t\t\t\n\t\t\tclass=\"so-widget-sow-editor so-widget-sow-editor-base\"\n\t\t\t\n\t\t>\n<div class=\"siteorigin-widget-tinymce textwidget\">\n\t<p>&nbsp;&nbsp;&nbsp;<i class=\"fa fa-volume-control-phone fa-4x\"><\/i>&nbsp;&nbsp;&nbsp;\n&nbsp;Telefon&nbsp;<\/p><\/div>\n<\/div><\/div><\/div><div id=\"panel-27-0-0-7\" class=\"so-panel widget widget_sow-editor\" data-index=\"7\" ><div class=\"piktogram panel-widget-style panel-widget-style-for-27-0-0-7\" ><div\n\t\t\t\n\t\t\tclass=\"so-widget-sow-editor so-widget-sow-editor-base\"\n\t\t\t\n\t\t>\n<div class=\"siteorigin-widget-tinymce textwidget\">\n\t<p><img data-attachment-id=\"509\" data-permalink=\"https:\/\/willahome.pl\/pl\/pokoje\/pokoje-standard\/50bedsheets\/#main\" data-orig-file=\"https:\/\/willahome.pl\/wp-content\/uploads\/2017\/04\/50bedsheets.png\" data-orig-size=\"50,50\" data-comments-opened=\"0\" data-image-meta=\"{&quot;aperture&quot;:&quot;0&quot;,&quot;credit&quot;:&quot;&quot;,&quot;camera&quot;:&quot;&quot;,&quot;caption&quot;:&quot;&quot;,&quot;created_timestamp&quot;:&quot;0&quot;,&quot;copyright&quot;:&quot;&quot;,&quot;focal_length&quot;:&quot;0&quot;,&quot;iso&quot;:&quot;0&quot;,&quot;shutter_speed&quot;:&quot;0&quot;,&quot;title&quot;:&quot;&quot;,&quot;orientation&quot;:&quot;0&quot;}\" data-image-title=\"50bedsheets\" data-image-description=\"\" data-image-caption=\"\" data-large-file=\"https:\/\/willahome.pl\/wp-content\/uploads\/2017\/04\/50bedsheets.png\" loading=\"lazy\" decoding=\"async\" class=\"alignnone size-full wp-image-509\" src=\"http:\/\/willahome.pl\/wp-content\/uploads\/2017\/04\/50bedsheets.png\" alt=\"\" width=\"50\" height=\"50\" \/><br \/>\n Po\u015bciel antyalergiczna<\/p><\/div>\n<\/div><\/div><\/div><div id=\"panel-27-0-0-8\" class=\"so-panel widget widget_sow-editor\" data-index=\"8\" ><div class=\"piktogram panel-widget-style panel-widget-style-for-27-0-0-8\" ><div\n\t\t\t\n\t\t\tclass=\"so-widget-sow-editor so-widget-sow-editor-base\"\n\t\t\t\n\t\t>\n<div class=\"siteorigin-widget-tinymce textwidget\">\n\t<p>&nbsp;&nbsp;&nbsp;&nbsp;&nbsp;<i class=\"fa fa-wifi fa-4x\"><\/i>&nbsp;&nbsp;&nbsp;&nbsp;&nbsp;\nWiFi<\/p><\/div>\n<\/div><\/div><\/div><div id=\"panel-27-0-0-9\" class=\"so-panel widget widget_sow-editor\" data-index=\"9\" ><div class=\"piktogram panel-widget-style panel-widget-style-for-27-0-0-9\" ><div\n\t\t\t\n\t\t\tclass=\"so-widget-sow-editor so-widget-sow-editor-base\"\n\t\t\t\n\t\t>\n<div class=\"siteorigin-widget-tinymce textwidget\">\n\t<p><img data-attachment-id=\"519\" data-permalink=\"https:\/\/willahome.pl\/pl\/pokoje\/pokoje-standard\/50reczniki\/#main\" data-orig-file=\"https:\/\/willahome.pl\/wp-content\/uploads\/2017\/04\/50reczniki.png\" data-orig-size=\"50,50\" data-comments-opened=\"0\" data-image-meta=\"{&quot;aperture&quot;:&quot;0&quot;,&quot;credit&quot;:&quot;&quot;,&quot;camera&quot;:&quot;&quot;,&quot;caption&quot;:&quot;&quot;,&quot;created_timestamp&quot;:&quot;0&quot;,&quot;copyright&quot;:&quot;&quot;,&quot;focal_length&quot;:&quot;0&quot;,&quot;iso&quot;:&quot;0&quot;,&quot;shutter_speed&quot;:&quot;0&quot;,&quot;title&quot;:&quot;&quot;,&quot;orientation&quot;:&quot;0&quot;}\" data-image-title=\"50reczniki\" data-image-description=\"\" data-image-caption=\"\" data-large-file=\"https:\/\/willahome.pl\/wp-content\/uploads\/2017\/04\/50reczniki.png\" loading=\"lazy\" decoding=\"async\" class=\"alignnone size-full wp-image-519\" src=\"http:\/\/willahome.pl\/wp-content\/uploads\/2017\/04\/50reczniki.png\" alt=\"\" width=\"50\" height=\"50\" \/><br \/> R\u0119czniki<\/p><\/div>\n<\/div><\/div><\/div><div id=\"panel-27-0-0-10\" class=\"so-panel widget widget_sow-editor panel-last-child\" data-index=\"10\" ><div class=\"piktogram panel-widget-style panel-widget-style-for-27-0-0-10\" ><div\n\t\t\t\n\t\t\tclass=\"so-widget-sow-editor so-widget-sow-editor-base\"\n\t\t\t\n\t\t>\n<div class=\"siteorigin-widget-tinymce textwidget\">\n\t<img data-attachment-id=\"510\" data-permalink=\"https:\/\/willahome.pl\/pl\/pokoje\/pokoje-standard\/50hair-dryer-icon\/#main\" data-orig-file=\"https:\/\/willahome.pl\/wp-content\/uploads\/2017\/04\/50Hair-Dryer-icon.png\" data-orig-size=\"50,50\" data-comments-opened=\"0\" data-image-meta=\"{&quot;aperture&quot;:&quot;0&quot;,&quot;credit&quot;:&quot;&quot;,&quot;camera&quot;:&quot;&quot;,&quot;caption&quot;:&quot;&quot;,&quot;created_timestamp&quot;:&quot;0&quot;,&quot;copyright&quot;:&quot;&quot;,&quot;focal_length&quot;:&quot;0&quot;,&quot;iso&quot;:&quot;0&quot;,&quot;shutter_speed&quot;:&quot;0&quot;,&quot;title&quot;:&quot;&quot;,&quot;orientation&quot;:&quot;0&quot;}\" data-image-title=\"50Hair-Dryer-icon\" data-image-description=\"\" data-image-caption=\"\" data-large-file=\"https:\/\/willahome.pl\/wp-content\/uploads\/2017\/04\/50Hair-Dryer-icon.png\" loading=\"lazy\" decoding=\"async\" class=\"alignnone size-full wp-image-510\" src=\"http:\/\/willahome.pl\/wp-content\/uploads\/2017\/04\/50Hair-Dryer-icon.png\" alt=\"\" width=\"50\" height=\"50\" \/>\nSuszarka do w\u0142os\u00f3w<\/div>\n<\/div><\/div><\/div><\/div><\/div><\/div><\/div><div id=\"pg-27-1\"  class=\"panel-grid panel-has-style\" ><div class=\"siteorigin-panels-stretch panel-row-style panel-row-style-for-27-1\" data-stretch-type=\"full\" ><div id=\"pgc-27-1-0\"  class=\"panel-grid-cell\" ><div id=\"panel-27-1-0-0\" class=\"so-panel widget widget_sow-editor panel-first-child panel-last-child\" data-index=\"11\" ><div\n\t\t\t\n\t\t\tclass=\"so-widget-sow-editor so-widget-sow-editor-base\"\n\t\t\t\n\t\t>\n<div class=\"siteorigin-widget-tinymce textwidget\">\n\t<table class=\"tableprice uppercase\" style=\"width: 73.5813%; height: 240px;\">\n<tbody>\n<tr class=\"bgfafa\" style=\"height: 24px;\">\n<td style=\"height: 24px; width: 60.8985%;\"><strong>Cennik us\u0142ugi noclegowej:<\/strong><\/td>\n<td style=\"height: 24px; width: 91.0971%;\"><strong>POK\u00d3J STANDARD:<\/strong><\/td>\n<\/tr>\n<tr class=\"bgwhite\" style=\"height: 24px;\">\n<td style=\"height: 24px; width: 60.8985%;\">jednoosobowy<\/td>\n<td style=\"height: 24px; width: 91.0971%;\">190,00 PLN** \/ 290,00 PLN***<\/td>\n<\/tr>\n<tr class=\"bgfafa\" style=\"height: 24px;\">\n<td style=\"height: 24px; width: 60.8985%;\">dwuosobowy<\/td>\n<td style=\"height: 24px; width: 91.0971%;\">340,00 PLN** \/ 390,00 PLN***<\/td>\n<\/tr>\n<tr class=\"bgfafa\" style=\"height: 24px;\">\n<td style=\"height: 24px; width: 60.8985%;\">DZIECKO 0-4 LAT<\/td>\n<td style=\"height: 24px; width: 91.0971%;\">BEZP\u0141ATNIE<\/td>\n<\/tr>\n<tr class=\"bgfafa\" style=\"height: 24px;\">\n<td style=\"height: 24px; width: 60.8985%;\">DZIECKO 5-12 LAT<\/td>\n<td style=\"height: 24px; width: 91.0971%;\">90,00 PLN<\/td>\n<\/tr>\n<tr class=\"bgfafa\" style=\"height: 24px;\">\n<td style=\"height: 24px; width: 60.8985%;\">DZIECKO 12-18 LAT<\/td>\n<td style=\"height: 24px; width: 91.0971%;\">PE\u0141NOP\u0141ATNIE<\/td>\n<\/tr>\n<tr class=\"white\" style=\"height: 24px;\">\n<td style=\"height: 24px; width: 60.8985%;\">Dostawka<\/td>\n<td style=\"height: 24px; width: 91.0971%;\">150,00 PLN<\/td>\n<\/tr>\n<tr style=\"height: 24px;\">\n<td style=\"height: 24px; width: 151.996%;\" colspan=\"2\">*Ceny zawieraj\u0105 podatek VAT i \u015bniadanie,\u00a0nie zawieraj\u0105 op\u0142aty miejscowej: 3,70 PLN\/os.\/doba<\/td>\n<\/tr>\n<tr style=\"height: 24px;\">\n<td style=\"height: 24px; width: 151.996%;\" colspan=\"2\">**sezon niski (od 03.01.2024 do 30.03.2024 oraz od 01.10.2024 do 23.12.2024)<\/td>\n<\/tr>\n<tr>\n<td style=\"width: 151.996%;\" colspan=\"2\">***sezon wysoki (od 01.04.2024 do 30.09.2024)<\/td>\n<\/tr>\n<\/tbody>\n<\/table>\n<\/div>\n<\/div><\/div><\/div><\/div><\/div><div id=\"pg-27-2\"  class=\"panel-grid panel-no-style\" ><div id=\"pgc-27-2-0\"  class=\"panel-grid-cell\" ><div id=\"panel-27-2-0-0\" class=\"so-panel widget widget_sow-editor panel-first-child panel-last-child\" data-index=\"12\" ><div class=\"panel-widget-style panel-widget-style-for-27-2-0-0\" ><div\n\t\t\t\n\t\t\tclass=\"so-widget-sow-editor so-widget-sow-editor-base\"\n\t\t\t\n\t\t>\n<div class=\"siteorigin-widget-tinymce textwidget\">\n\t<\/div>\n<\/div><\/div><\/div><\/div><\/div><\/div>","protected":false},"excerpt":{"rendered":"<p>KOSMETYKI WYGODNE \u0141\u00d3\u017bKA &nbsp;&nbsp;&nbsp;&nbsp;&nbsp;&nbsp; TELEWIZOR &nbsp; biurko do pracy Klimatyzacja \u0141azienka z prysznicem &nbsp;&nbsp;&nbsp;&nbsp;&nbsp;&nbsp; &nbsp;Telefon&nbsp; Po\u015bciel antyalergiczna &nbsp;&nbsp;&nbsp;&nbsp;&nbsp;&nbsp;&nbsp;&nbsp;&nbsp;&nbsp; WiFi R\u0119czniki Suszarka do w\u0142os\u00f3w Cennik us\u0142ugi noclegowej: POK\u00d3J STANDARD: jednoosobowy 190,00 PLN** \/ 290,00 PLN*** dwuosobowy 340,00 PLN** \/ 390,00 PLN*** DZIECKO 0-4 LAT BEZP\u0141ATNIE DZIECKO 5-12 LAT 90,00 PLN DZIECKO&#8230; <\/p>\n","protected":false},"author":2,"featured_media":1746,"parent":25,"menu_order":0,"comment_status":"closed","ping_status":"closed","template":"","meta":{"footnotes":""},"class_list":["post-27","page","type-page","status-publish","has-post-thumbnail","hentry"],"aioseo_notices":[],"jetpack_shortlink":"https:\/\/wp.me\/P9LNh4-r","jetpack_sharing_enabled":true,"_links":{"self":[{"href":"https:\/\/willahome.pl\/pl\/wp-json\/wp\/v2\/pages\/27","targetHints":{"allow":["GET"]}}],"collection":[{"href":"https:\/\/willahome.pl\/pl\/wp-json\/wp\/v2\/pages"}],"about":[{"href":"https:\/\/willahome.pl\/pl\/wp-json\/wp\/v2\/types\/page"}],"author":[{"embeddable":true,"href":"https:\/\/willahome.pl\/pl\/wp-json\/wp\/v2\/users\/2"}],"replies":[{"embeddable":true,"href":"https:\/\/willahome.pl\/pl\/wp-json\/wp\/v2\/comments?post=27"}],"version-history":[{"count":43,"href":"https:\/\/willahome.pl\/pl\/wp-json\/wp\/v2\/pages\/27\/revisions"}],"predecessor-version":[{"id":2178,"href":"https:\/\/willahome.pl\/pl\/wp-json\/wp\/v2\/pages\/27\/revisions\/2178"}],"up":[{"embeddable":true,"href":"https:\/\/willahome.pl\/pl\/wp-json\/wp\/v2\/pages\/25"}],"wp:featuredmedia":[{"embeddable":true,"href":"https:\/\/willahome.pl\/pl\/wp-json\/wp\/v2\/media\/1746"}],"wp:attachment":[{"href":"https:\/\/willahome.pl\/pl\/wp-json\/wp\/v2\/media?parent=27"}],"curies":[{"name":"wp","href":"https:\/\/api.w.org\/{rel}","templated":true}]}}