{"id":282,"date":"2017-04-05T17:27:30","date_gmt":"2017-04-05T17:27:30","guid":{"rendered":"http:\/\/willahome.pl\/?page_id=282"},"modified":"2024-08-30T15:39:20","modified_gmt":"2024-08-30T15:39:20","slug":"atrakcje-w-hotelu","status":"publish","type":"page","link":"https:\/\/willahome.pl\/pl\/atrakcje-w-hotelu\/","title":{"rendered":"ATRAKCJE W HOTELU"},"content":{"rendered":"<div>\n<h3>Muzeum \u015alimaka<\/h3>\n<p>Znajduje si\u0119 w bezpo\u015brednim s\u0105siedztwie Recepcji Hotelu Park Kajetany***. Zosta\u0142o otwarte w roku 2011 r. dzi\u0119ki przekazaniu prywatnej kolekcji profesora Henryka Skar\u017cy\u0144skiego. 15 lipca 2012 r. w Kajetanach, z wynikiem 1377 \u015blimak\u00f3w, zosta\u0142 pobity Rekord Guinessa w kategorii \u201eNajwi\u0119kszy zbi\u00f3r przedmiot\u00f3w z podobizn\u0105, wizerunkiem i o wygl\u0105dzie \u015blimaka\u201d. Obecnie zbi\u00f3r liczy ok 1400 figurek z podobizn\u0105 \u015blimaka, wykonanych z r\u00f3\u017cnych materia\u0142\u00f3w m.in. z porcelany, ceramiki, szk\u0142a, drewna, \u017celiwa, a tak\u017ce bursztynu, kamienia i drutu.<\/p>\n<\/div>\n<div>Wi\u0119cej informacji na stronie <a href=\"http:\/\/kajetany.medincus.pl\/pl\/oferta\/muzeum-slimaka\/\" target=\"_blank\" rel=\"noopener noreferrer\">O\u015brodka Medincus Active<\/a><\/div>\n<div><\/div>\n<h3>GALERIA<\/h3>\n\n","protected":false},"excerpt":{"rendered":"<p>Muzeum \u015alimaka Znajduje si\u0119 w bezpo\u015brednim s\u0105siedztwie Recepcji Hotelu Park Kajetany***. Zosta\u0142o otwarte w roku 2011 r. dzi\u0119ki przekazaniu prywatnej kolekcji profesora Henryka Skar\u017cy\u0144skiego. 15 lipca 2012 r. w Kajetanach, z wynikiem 1377 \u015blimak\u00f3w, zosta\u0142 pobity Rekord Guinessa w kategorii \u201eNajwi\u0119kszy zbi\u00f3r przedmiot\u00f3w z podobizn\u0105, wizerunkiem i o wygl\u0105dzie \u015blimaka\u201d&#8230;. <\/p>\n","protected":false},"author":2,"featured_media":0,"parent":0,"menu_order":0,"comment_status":"closed","ping_status":"closed","template":"","meta":{"footnotes":""},"class_list":["post-282","page","type-page","status-publish","hentry"],"aioseo_notices":[],"jetpack_shortlink":"https:\/\/wp.me\/P9LNh4-4y","jetpack_sharing_enabled":true,"_links":{"self":[{"href":"https:\/\/willahome.pl\/pl\/wp-json\/wp\/v2\/pages\/282","targetHints":{"allow":["GET"]}}],"collection":[{"href":"https:\/\/willahome.pl\/pl\/wp-json\/wp\/v2\/pages"}],"about":[{"href":"https:\/\/willahome.pl\/pl\/wp-json\/wp\/v2\/types\/page"}],"author":[{"embeddable":true,"href":"https:\/\/willahome.pl\/pl\/wp-json\/wp\/v2\/users\/2"}],"replies":[{"embeddable":true,"href":"https:\/\/willahome.pl\/pl\/wp-json\/wp\/v2\/comments?post=282"}],"version-history":[{"count":1,"href":"https:\/\/willahome.pl\/pl\/wp-json\/wp\/v2\/pages\/282\/revisions"}],"predecessor-version":[{"id":1274,"href":"https:\/\/willahome.pl\/pl\/wp-json\/wp\/v2\/pages\/282\/revisions\/1274"}],"wp:attachment":[{"href":"https:\/\/willahome.pl\/pl\/wp-json\/wp\/v2\/media?parent=282"}],"curies":[{"name":"wp","href":"https:\/\/api.w.org\/{rel}","templated":true}]}}