{"id":284,"date":"2017-07-10T09:26:55","date_gmt":"2017-07-10T09:26:55","guid":{"rendered":"http:\/\/willahome.pl\/?page_id=284"},"modified":"2024-08-30T14:52:29","modified_gmt":"2024-08-30T14:52:29","slug":"atrakcje-w-okolicy","status":"publish","type":"page","link":"https:\/\/willahome.pl\/pl\/atrakcje-w-okolicy\/","title":{"rendered":"ATRAKCJE W OKOLICY"},"content":{"rendered":"<p>Willa Home znajduje si\u0119 w centrum Ciechocinka, miasta uzdrowiskowego nazywanego cz\u0119sto Per\u0142\u0105 Kujaw.<\/p>\n<p align=\"JUSTIFY\">W promieniu ok. 500 m znale\u017a\u0107 mo\u017cna zabytkowe obiekty, takie jak fontanna \u201eGrzybek\u201d &#8211; naturalne inhalatorium, fontanna \u201eJa\u015b i Ma\u0142gosia\u201d, \u201e\u017babka\u201d, fontanna przy Parterach Hellwiga, Park Zdrojowy z muszl\u0105 koncertow\u0105, Lasek Sosnowy, Ciechoci\u0144ski Deptak S\u0142aw ze s\u0142ynnymi dywanami kwiatowymi, Dworek Prezydent\u00f3w RP, cerkiew \u015bw. Micha\u0142a Anio\u0142a, ko\u015bci\u00f3\u0142 \u015awi\u0119tych Aposto\u0142\u00f3w Piotra i Paw\u0142a, Warzelnia Soli, zabytkowy Teatr Letni.<\/p>\n<p align=\"JUSTIFY\">Prom w Nieszawie, jak r\u00f3wnie\u017c Muzeum Stanis\u0142awa Noakowskiego w Nieszawie, oddalone s\u0105 od Ciechocinka o ok. 7 km.<\/p>\n<p>Sanktuarium Maryjne oddalone jest od Ciechocinka &#8211; 10 km.<\/p>\n<p align=\"JUSTIFY\">Willa Home po\u0142o\u017cona jest ok. 1000 m od najwi\u0119kszej atrakcji Ciechocinka \u2013 T\u0119\u017cni Solankowych. Jest to unikatowa na skal\u0119 europejsk\u0105 drewniana konstrukcja do odparowywania wody z solanki, kt\u00f3ra zachwyca sw\u0105 budowl\u0105 oraz tworzy, pod wp\u0142ywem wiatru i s\u0142o\u0144ca, specyficzny leczniczy mikroklimat.<\/p>\n<p align=\"JUSTIFY\">W pobli\u017cu Willa Home znajduj\u0105 si\u0119 r\u00f3wnie\u017c kryte baseny z wod\u0105 solankow\u0105 oraz ozonowan\u0105, korty tenisowe, bowling, trasy spacerowe np. Szlak Wi\u015bla\u0144ski, kino, teatr, restauracje, kawiarnie, place zabaw dla dzieci.<\/p>\n<p>Obiekt po\u0142o\u017cony jest w odleg\u0142o\u015bci 25 km od Torunia, 30 km od W\u0142oc\u0142awka oraz 60 km od lotniska w Bydgoszczy.<\/p>\n<div class=\"col910 floatleft mrgbottom40\"><\/div>\n<h3>GALERIA<\/h3>\n\n","protected":false},"excerpt":{"rendered":"<p>Willa Home znajduje si\u0119 w centrum Ciechocinka, miasta uzdrowiskowego nazywanego cz\u0119sto Per\u0142\u0105 Kujaw. W promieniu ok. 500 m znale\u017a\u0107 mo\u017cna zabytkowe obiekty, takie jak fontanna \u201eGrzybek\u201d &#8211; naturalne inhalatorium, fontanna \u201eJa\u015b i Ma\u0142gosia\u201d, \u201e\u017babka\u201d, fontanna przy Parterach Hellwiga, Park Zdrojowy z muszl\u0105 koncertow\u0105, Lasek Sosnowy, Ciechoci\u0144ski Deptak S\u0142aw ze s\u0142ynnymi&#8230; <\/p>\n","protected":false},"author":2,"featured_media":1743,"parent":0,"menu_order":0,"comment_status":"closed","ping_status":"closed","template":"","meta":{"footnotes":""},"class_list":["post-284","page","type-page","status-publish","has-post-thumbnail","hentry"],"aioseo_notices":[],"jetpack_shortlink":"https:\/\/wp.me\/P9LNh4-4A","jetpack_sharing_enabled":true,"_links":{"self":[{"href":"https:\/\/willahome.pl\/pl\/wp-json\/wp\/v2\/pages\/284","targetHints":{"allow":["GET"]}}],"collection":[{"href":"https:\/\/willahome.pl\/pl\/wp-json\/wp\/v2\/pages"}],"about":[{"href":"https:\/\/willahome.pl\/pl\/wp-json\/wp\/v2\/types\/page"}],"author":[{"embeddable":true,"href":"https:\/\/willahome.pl\/pl\/wp-json\/wp\/v2\/users\/2"}],"replies":[{"embeddable":true,"href":"https:\/\/willahome.pl\/pl\/wp-json\/wp\/v2\/comments?post=284"}],"version-history":[{"count":7,"href":"https:\/\/willahome.pl\/pl\/wp-json\/wp\/v2\/pages\/284\/revisions"}],"predecessor-version":[{"id":2182,"href":"https:\/\/willahome.pl\/pl\/wp-json\/wp\/v2\/pages\/284\/revisions\/2182"}],"wp:featuredmedia":[{"embeddable":true,"href":"https:\/\/willahome.pl\/pl\/wp-json\/wp\/v2\/media\/1743"}],"wp:attachment":[{"href":"https:\/\/willahome.pl\/pl\/wp-json\/wp\/v2\/media?parent=284"}],"curies":[{"name":"wp","href":"https:\/\/api.w.org\/{rel}","templated":true}]}}