{"id":31,"date":"2016-10-07T14:38:22","date_gmt":"2016-10-07T14:38:22","guid":{"rendered":"http:\/\/willahome.pl\/?page_id=31"},"modified":"2017-07-13T14:46:19","modified_gmt":"2017-07-13T14:46:19","slug":"restauracja","status":"publish","type":"page","link":"https:\/\/willahome.pl\/pl\/restauracja\/","title":{"rendered":"RESTAURACJA"},"content":{"rendered":"<p>&nbsp;<\/p>\n<p><a href=\"http:\/\/www.restauracjapodslimakiem.pl\" target=\"_blank\" rel=\"noopener noreferrer\"><img loading=\"lazy\" decoding=\"async\" data-attachment-id=\"527\" data-permalink=\"https:\/\/willahome.pl\/pl\/restauracja\/r-logo_restauracja_pod_slimakiem\/#main\" data-orig-file=\"https:\/\/willahome.pl\/wp-content\/uploads\/2017\/04\/R-Logo_restauracja_pod_slimakiem.jpg\" data-orig-size=\"1230,596\" data-comments-opened=\"0\" data-image-meta=\"{&quot;aperture&quot;:&quot;0&quot;,&quot;credit&quot;:&quot;&quot;,&quot;camera&quot;:&quot;&quot;,&quot;caption&quot;:&quot;&quot;,&quot;created_timestamp&quot;:&quot;0&quot;,&quot;copyright&quot;:&quot;&quot;,&quot;focal_length&quot;:&quot;0&quot;,&quot;iso&quot;:&quot;0&quot;,&quot;shutter_speed&quot;:&quot;0&quot;,&quot;title&quot;:&quot;&quot;,&quot;orientation&quot;:&quot;0&quot;}\" data-image-title=\"R-Logo_restauracja_pod_slimakiem\" data-image-description=\"\" data-image-caption=\"\" data-large-file=\"https:\/\/willahome.pl\/wp-content\/uploads\/2017\/04\/R-Logo_restauracja_pod_slimakiem-1200x581.jpg\" class=\"wp-image-527 aligncenter\" src=\"http:\/\/willahome.pl\/wp-content\/uploads\/2017\/04\/R-Logo_restauracja_pod_slimakiem-744x361.jpg\" alt=\"\" width=\"270\" height=\"131\" srcset=\"https:\/\/willahome.pl\/wp-content\/uploads\/2017\/04\/R-Logo_restauracja_pod_slimakiem-744x361.jpg 744w, https:\/\/willahome.pl\/wp-content\/uploads\/2017\/04\/R-Logo_restauracja_pod_slimakiem-768x372.jpg 768w, https:\/\/willahome.pl\/wp-content\/uploads\/2017\/04\/R-Logo_restauracja_pod_slimakiem-1200x581.jpg 1200w, https:\/\/willahome.pl\/wp-content\/uploads\/2017\/04\/R-Logo_restauracja_pod_slimakiem.jpg 1230w\" sizes=\"auto, (max-width: 270px) 100vw, 270px\" \/><\/a><\/p>\n<p>Restauracja Pod \u015alimakiem mieszcz\u0105ca si\u0119 na parterze hotelu, to\u00a0elegancka restauracja a\u2019la carte oraz\u00a0wyj\u0105tkowe miejsce na\u00a0spotkania okoliczno\u015bciowe, uroczysto\u015bci rodzinne i\u00a0spotkania biznesowe.<\/p>\n<p align=\"JUSTIFY\">\n<h3>GALERIA<\/h3>\n\n","protected":false},"excerpt":{"rendered":"<p>&nbsp; Restauracja Pod \u015alimakiem mieszcz\u0105ca si\u0119 na parterze hotelu, to\u00a0elegancka restauracja a\u2019la carte oraz\u00a0wyj\u0105tkowe miejsce na\u00a0spotkania okoliczno\u015bciowe, uroczysto\u015bci rodzinne i\u00a0spotkania biznesowe. GALERIA<\/p>\n","protected":false},"author":2,"featured_media":0,"parent":0,"menu_order":0,"comment_status":"closed","ping_status":"closed","template":"","meta":{"footnotes":""},"class_list":["post-31","page","type-page","status-publish","hentry"],"aioseo_notices":[],"jetpack_shortlink":"https:\/\/wp.me\/P9LNh4-v","jetpack_sharing_enabled":true,"_links":{"self":[{"href":"https:\/\/willahome.pl\/pl\/wp-json\/wp\/v2\/pages\/31","targetHints":{"allow":["GET"]}}],"collection":[{"href":"https:\/\/willahome.pl\/pl\/wp-json\/wp\/v2\/pages"}],"about":[{"href":"https:\/\/willahome.pl\/pl\/wp-json\/wp\/v2\/types\/page"}],"author":[{"embeddable":true,"href":"https:\/\/willahome.pl\/pl\/wp-json\/wp\/v2\/users\/2"}],"replies":[{"embeddable":true,"href":"https:\/\/willahome.pl\/pl\/wp-json\/wp\/v2\/comments?post=31"}],"version-history":[{"count":1,"href":"https:\/\/willahome.pl\/pl\/wp-json\/wp\/v2\/pages\/31\/revisions"}],"predecessor-version":[{"id":1279,"href":"https:\/\/willahome.pl\/pl\/wp-json\/wp\/v2\/pages\/31\/revisions\/1279"}],"wp:attachment":[{"href":"https:\/\/willahome.pl\/pl\/wp-json\/wp\/v2\/media?parent=31"}],"curies":[{"name":"wp","href":"https:\/\/api.w.org\/{rel}","templated":true}]}}