{"id":33,"date":"2016-10-07T14:38:42","date_gmt":"2016-10-07T14:38:42","guid":{"rendered":"http:\/\/willahome.pl\/?page_id=33"},"modified":"2020-03-13T14:33:05","modified_gmt":"2020-03-13T14:33:05","slug":"biznes","status":"publish","type":"page","link":"https:\/\/willahome.pl\/pl\/biznes\/","title":{"rendered":"BIZNES"},"content":{"rendered":"<div id=\"pl-33\"  class=\"panel-layout\" ><div id=\"pg-33-0\"  class=\"panel-grid panel-has-style\" ><div class=\"shadow panel-row-style panel-row-style-for-33-0\" ><div id=\"pgc-33-0-0\"  class=\"panel-grid-cell\" ><div class=\"iconstxt aligncenter panel-cell-style panel-cell-style-for-33-0-0\" ><div id=\"panel-33-0-0-0\" class=\"so-panel widget widget_sow-editor panel-first-child\" data-index=\"0\" ><div class=\"piktogram panel-widget-style panel-widget-style-for-33-0-0-0\" ><div\n\t\t\t\n\t\t\tclass=\"so-widget-sow-editor so-widget-sow-editor-base\"\n\t\t\t\n\t\t>\n<div class=\"siteorigin-widget-tinymce textwidget\">\n\t<p style=\"text-align: center;\"><img data-attachment-id=\"729\" data-permalink=\"https:\/\/willahome.pl\/pl\/biznes\/50salekonferencyjne\/#main\" data-orig-file=\"https:\/\/willahome.pl\/wp-content\/uploads\/2016\/10\/50salekonferencyjne.png\" data-orig-size=\"50,50\" data-comments-opened=\"0\" data-image-meta=\"{&quot;aperture&quot;:&quot;0&quot;,&quot;credit&quot;:&quot;&quot;,&quot;camera&quot;:&quot;&quot;,&quot;caption&quot;:&quot;&quot;,&quot;created_timestamp&quot;:&quot;0&quot;,&quot;copyright&quot;:&quot;&quot;,&quot;focal_length&quot;:&quot;0&quot;,&quot;iso&quot;:&quot;0&quot;,&quot;shutter_speed&quot;:&quot;0&quot;,&quot;title&quot;:&quot;&quot;,&quot;orientation&quot;:&quot;0&quot;}\" data-image-title=\"50salekonferencyjne\" data-image-description=\"\" data-image-caption=\"\" data-large-file=\"https:\/\/willahome.pl\/wp-content\/uploads\/2016\/10\/50salekonferencyjne.png\" loading=\"lazy\" decoding=\"async\" class=\"size-full wp-image-729 aligncenter\" src=\"http:\/\/hotel.seoworker.eu\/wp-content\/uploads\/2016\/10\/50salekonferencyjne.png\" alt=\"\" width=\"50\" height=\"50\" \/><br \/>\nSala konferencyjna<\/p>\n<\/div>\n<\/div><\/div><\/div><div id=\"panel-33-0-0-1\" class=\"so-panel widget widget_sow-editor\" data-index=\"1\" ><div class=\"piktogram panel-widget-style panel-widget-style-for-33-0-0-1\" ><div\n\t\t\t\n\t\t\tclass=\"so-widget-sow-editor so-widget-sow-editor-base\"\n\t\t\t\n\t\t>\n<div class=\"siteorigin-widget-tinymce textwidget\">\n\t<p style=\"text-align: center;\"><img data-attachment-id=\"728\" data-permalink=\"https:\/\/willahome.pl\/pl\/biznes\/50pilot\/#main\" data-orig-file=\"https:\/\/willahome.pl\/wp-content\/uploads\/2016\/10\/50pilot.png\" data-orig-size=\"50,50\" data-comments-opened=\"0\" data-image-meta=\"{&quot;aperture&quot;:&quot;0&quot;,&quot;credit&quot;:&quot;&quot;,&quot;camera&quot;:&quot;&quot;,&quot;caption&quot;:&quot;&quot;,&quot;created_timestamp&quot;:&quot;0&quot;,&quot;copyright&quot;:&quot;&quot;,&quot;focal_length&quot;:&quot;0&quot;,&quot;iso&quot;:&quot;0&quot;,&quot;shutter_speed&quot;:&quot;0&quot;,&quot;title&quot;:&quot;&quot;,&quot;orientation&quot;:&quot;0&quot;}\" data-image-title=\"50pilot\" data-image-description=\"\" data-image-caption=\"\" data-large-file=\"https:\/\/willahome.pl\/wp-content\/uploads\/2016\/10\/50pilot.png\" loading=\"lazy\" decoding=\"async\" class=\"alignnone size-full wp-image-728 aligncenter\" src=\"http:\/\/hotel.seoworker.eu\/wp-content\/uploads\/2016\/10\/50pilot.png\" alt=\"\" width=\"50\" height=\"50\" \/><br \/>\nRzutnik z pilotem<\/p>\n<\/div>\n<\/div><\/div><\/div><div id=\"panel-33-0-0-2\" class=\"so-panel widget widget_sow-editor\" data-index=\"2\" ><div class=\"piktogram panel-widget-style panel-widget-style-for-33-0-0-2\" ><div\n\t\t\t\n\t\t\tclass=\"so-widget-sow-editor so-widget-sow-editor-base\"\n\t\t\t\n\t\t>\n<div class=\"siteorigin-widget-tinymce textwidget\">\n\t<p style=\"text-align: center;\"><img data-attachment-id=\"512\" data-permalink=\"https:\/\/willahome.pl\/pl\/pokoje\/pokoje-standard\/50klimatyzacja2\/#main\" data-orig-file=\"https:\/\/willahome.pl\/wp-content\/uploads\/2017\/04\/50klimatyzacja2.png\" data-orig-size=\"50,50\" data-comments-opened=\"0\" data-image-meta=\"{&quot;aperture&quot;:&quot;0&quot;,&quot;credit&quot;:&quot;&quot;,&quot;camera&quot;:&quot;&quot;,&quot;caption&quot;:&quot;&quot;,&quot;created_timestamp&quot;:&quot;0&quot;,&quot;copyright&quot;:&quot;&quot;,&quot;focal_length&quot;:&quot;0&quot;,&quot;iso&quot;:&quot;0&quot;,&quot;shutter_speed&quot;:&quot;0&quot;,&quot;title&quot;:&quot;&quot;,&quot;orientation&quot;:&quot;0&quot;}\" data-image-title=\"50klimatyzacja2\" data-image-description=\"\" data-image-caption=\"\" data-large-file=\"https:\/\/willahome.pl\/wp-content\/uploads\/2017\/04\/50klimatyzacja2.png\" loading=\"lazy\" decoding=\"async\" class=\"size-full wp-image-512 aligncenter\" src=\"http:\/\/hotel.seoworker.eu\/wp-content\/uploads\/2017\/04\/50klimatyzacja2.png\" alt=\"\" width=\"50\" height=\"50\" \/>\u00a0Klimatyzacja<\/p>\n<\/div>\n<\/div><\/div><\/div><div id=\"panel-33-0-0-3\" class=\"so-panel widget widget_sow-editor\" data-index=\"3\" ><div class=\"piktogram panel-widget-style panel-widget-style-for-33-0-0-3\" ><div\n\t\t\t\n\t\t\tclass=\"so-widget-sow-editor so-widget-sow-editor-base\"\n\t\t\t\n\t\t>\n<div class=\"siteorigin-widget-tinymce textwidget\">\n\t<p style=\"text-align: center;\"><i class=\"fa fa-television fa-4x\"><\/i><br \/>\nEkran<\/p>\n<\/div>\n<\/div><\/div><\/div><div id=\"panel-33-0-0-4\" class=\"so-panel widget widget_sow-editor\" data-index=\"4\" ><div class=\"piktogram panel-widget-style panel-widget-style-for-33-0-0-4\" ><div\n\t\t\t\n\t\t\tclass=\"so-widget-sow-editor so-widget-sow-editor-base\"\n\t\t\t\n\t\t>\n<div class=\"siteorigin-widget-tinymce textwidget\">\n\t<p style=\"text-align: center;\"><i class=\"fa fa-sun-o fa-4x\"><\/i><br \/>\nRegulowane o\u015bwietlenie<\/p>\n<\/div>\n<\/div><\/div><\/div><div id=\"panel-33-0-0-5\" class=\"so-panel widget widget_sow-editor\" data-index=\"5\" ><div class=\"piktogram panel-widget-style panel-widget-style-for-33-0-0-5\" ><div\n\t\t\t\n\t\t\tclass=\"so-widget-sow-editor so-widget-sow-editor-base\"\n\t\t\t\n\t\t>\n<div class=\"siteorigin-widget-tinymce textwidget\">\n\t<p style=\"text-align: center;\"><i class=\"fa fa-video-camera fa-4x\"><\/i><br \/>\nWyposa\u017cenie AV<\/p>\n<\/div>\n<\/div><\/div><\/div><div id=\"panel-33-0-0-6\" class=\"so-panel widget widget_sow-editor panel-last-child\" data-index=\"6\" ><div class=\"piktogram panel-widget-style panel-widget-style-for-33-0-0-6\" ><div\n\t\t\t\n\t\t\tclass=\"so-widget-sow-editor so-widget-sow-editor-base\"\n\t\t\t\n\t\t>\n<div class=\"siteorigin-widget-tinymce textwidget\">\n\t<p style=\"text-align: center;\"><i class=\"fa fa-wifi fa-4x\"><\/i><br \/>\nSzybki, bezp\u0142atny i bezprzewodowy internet<\/p>\n<\/div>\n<\/div><\/div><\/div><\/div><\/div><\/div><\/div><div id=\"pg-33-1\"  class=\"panel-grid panel-no-style\" ><div id=\"pgc-33-1-0\"  class=\"panel-grid-cell\" ><div id=\"panel-33-1-0-0\" class=\"so-panel widget widget_sow-editor panel-first-child panel-last-child\" data-index=\"7\" ><div\n\t\t\t\n\t\t\tclass=\"so-widget-sow-editor so-widget-sow-editor-base\"\n\t\t\t\n\t\t>\n<div class=\"siteorigin-widget-tinymce textwidget\">\n\t<h3>SALA KONFERENCYJNA<\/h3>\n<p>Willa Home posiada na drugim pi\u0119trze przestronn\u0105, klimatyzowan\u0105 sal\u0119 konferencyjn\u0105 o powierzchni 55 m2 .<\/p>\n<h3>SALA KONFERENCYJNA WYPOSA\u017bONA JEST W:<\/h3>\n<ul>\n<li>Nowoczesne wyposa\u017cenie AV<\/li>\n<li>Ekran i rzutnik sterowane za pomoc\u0105 pilota<\/li>\n<li>Bezp\u0142atny dost\u0119p do internetu WiFi<\/li>\n<li>Naturalne o\u015bwietlenie z mo\u017cliwo\u015bci\u0105 zaciemnienia<\/li>\n<li>Klimatyzacj\u0119<\/li>\n<\/ul>\n<h3>MO\u017bLIWO\u015aCI ARAN\u017bACYJNE:<\/h3>\n<ul>\n<li>Ustawienie kinowe \u2013 40 os\u00f3b<\/li>\n<li>Ustawienie szkolne \u2013 30 os\u00f3b<\/li>\n<li>Ustawienie narad \u2013 16 os\u00f3b<\/li>\n<li>Bar kawowy, bar konferencyjny.<\/li>\n<\/ul>\n<h3>KONTAKT<\/h3>\n<ul>\n<li>JOLANTA\u00a0GOLA<\/li>\n<li>Kierownik Willa Home<\/li>\n<li>j.gola@medincus.pl<\/li>\n<li>tel. +48 885 800 908<\/li>\n<\/ul>\n<h3>GALERIA<\/h3>\n\n\t\t<style type=\"text\/css\">\n\t\t\t#gallery-1 {\n\t\t\t\tmargin: auto;\n\t\t\t}\n\t\t\t#gallery-1 .gallery-item {\n\t\t\t\tfloat: left;\n\t\t\t\tmargin-top: 10px;\n\t\t\t\ttext-align: center;\n\t\t\t\twidth: 11%;\n\t\t\t}\n\t\t\t#gallery-1 img {\n\t\t\t\tborder: 2px solid #cfcfcf;\n\t\t\t}\n\t\t\t#gallery-1 .gallery-caption {\n\t\t\t\tmargin-left: 0;\n\t\t\t}\n\t\t\t\/* see gallery_shortcode() in wp-includes\/media.php *\/\n\t\t<\/style>\n\t\t<div data-carousel-extra='{&quot;blog_id&quot;:1,&quot;permalink&quot;:&quot;https:\/\/willahome.pl\/pl\/biznes\/&quot;}' id='gallery-1' class='gallery galleryid-33 gallery-columns-9 gallery-size-thumbnail'><dl class='gallery-item'>\n\t\t\t<dt class='gallery-icon landscape'>\n\t\t\t\t<a href='https:\/\/willahome.pl\/wp-content\/uploads\/2018\/08\/IMG_20180821_180354-Copy.jpg'><img loading=\"lazy\" decoding=\"async\" width=\"240\" height=\"240\" src=\"https:\/\/willahome.pl\/wp-content\/uploads\/2018\/08\/IMG_20180821_180354-Copy-240x240.jpg\" class=\"attachment-thumbnail size-thumbnail\" alt=\"\" data-attachment-id=\"1766\" data-permalink=\"https:\/\/willahome.pl\/dav-9\/\" data-orig-file=\"https:\/\/willahome.pl\/wp-content\/uploads\/2018\/08\/IMG_20180821_180354-Copy.jpg\" data-orig-size=\"1600,1200\" data-comments-opened=\"0\" data-image-meta=\"{&quot;aperture&quot;:&quot;2&quot;,&quot;credit&quot;:&quot;&quot;,&quot;camera&quot;:&quot;HUAWEI VNS-L21&quot;,&quot;caption&quot;:&quot;dav&quot;,&quot;created_timestamp&quot;:&quot;1534874635&quot;,&quot;copyright&quot;:&quot;&quot;,&quot;focal_length&quot;:&quot;3.79&quot;,&quot;iso&quot;:&quot;100&quot;,&quot;shutter_speed&quot;:&quot;0.03&quot;,&quot;title&quot;:&quot;dav&quot;,&quot;orientation&quot;:&quot;0&quot;}\" data-image-title=\"dav\" data-image-description=\"\" data-image-caption=\"\" data-large-file=\"https:\/\/willahome.pl\/wp-content\/uploads\/2018\/08\/IMG_20180821_180354-Copy-1200x900.jpg\" \/><\/a>\n\t\t\t<\/dt><\/dl><dl class='gallery-item'>\n\t\t\t<dt class='gallery-icon landscape'>\n\t\t\t\t<a href='https:\/\/willahome.pl\/wp-content\/uploads\/2018\/08\/DSC_4698-Copy.jpg'><img loading=\"lazy\" decoding=\"async\" width=\"240\" height=\"240\" src=\"https:\/\/willahome.pl\/wp-content\/uploads\/2018\/08\/DSC_4698-Copy-240x240.jpg\" class=\"attachment-thumbnail size-thumbnail\" alt=\"\" data-attachment-id=\"1755\" data-permalink=\"https:\/\/willahome.pl\/dsc_4698-copy\/\" data-orig-file=\"https:\/\/willahome.pl\/wp-content\/uploads\/2018\/08\/DSC_4698-Copy.jpg\" data-orig-size=\"1600,1067\" data-comments-opened=\"0\" data-image-meta=\"{&quot;aperture&quot;:&quot;3.5&quot;,&quot;credit&quot;:&quot;&quot;,&quot;camera&quot;:&quot;NIKON D7200&quot;,&quot;caption&quot;:&quot;&quot;,&quot;created_timestamp&quot;:&quot;1534873654&quot;,&quot;copyright&quot;:&quot;&quot;,&quot;focal_length&quot;:&quot;10&quot;,&quot;iso&quot;:&quot;8000&quot;,&quot;shutter_speed&quot;:&quot;0.004&quot;,&quot;title&quot;:&quot;&quot;,&quot;orientation&quot;:&quot;0&quot;}\" data-image-title=\"DSC_4698 (Copy)\" data-image-description=\"\" data-image-caption=\"\" data-large-file=\"https:\/\/willahome.pl\/wp-content\/uploads\/2018\/08\/DSC_4698-Copy-1200x800.jpg\" \/><\/a>\n\t\t\t<\/dt><\/dl><dl class='gallery-item'>\n\t\t\t<dt class='gallery-icon landscape'>\n\t\t\t\t<a href='https:\/\/willahome.pl\/wp-content\/uploads\/2018\/08\/DSC_4679-Copy.jpg'><img loading=\"lazy\" decoding=\"async\" width=\"240\" height=\"240\" src=\"https:\/\/willahome.pl\/wp-content\/uploads\/2018\/08\/DSC_4679-Copy-240x240.jpg\" class=\"attachment-thumbnail size-thumbnail\" alt=\"\" data-attachment-id=\"1751\" data-permalink=\"https:\/\/willahome.pl\/dsc_4679-copy\/\" data-orig-file=\"https:\/\/willahome.pl\/wp-content\/uploads\/2018\/08\/DSC_4679-Copy.jpg\" data-orig-size=\"1600,1067\" data-comments-opened=\"0\" data-image-meta=\"{&quot;aperture&quot;:&quot;5&quot;,&quot;credit&quot;:&quot;&quot;,&quot;camera&quot;:&quot;NIKON D7200&quot;,&quot;caption&quot;:&quot;&quot;,&quot;created_timestamp&quot;:&quot;1534873034&quot;,&quot;copyright&quot;:&quot;&quot;,&quot;focal_length&quot;:&quot;50&quot;,&quot;iso&quot;:&quot;8000&quot;,&quot;shutter_speed&quot;:&quot;0.0025&quot;,&quot;title&quot;:&quot;&quot;,&quot;orientation&quot;:&quot;0&quot;}\" data-image-title=\"DSC_4679 (Copy)\" data-image-description=\"\" data-image-caption=\"\" data-large-file=\"https:\/\/willahome.pl\/wp-content\/uploads\/2018\/08\/DSC_4679-Copy-1200x800.jpg\" \/><\/a>\n\t\t\t<\/dt><\/dl><dl class='gallery-item'>\n\t\t\t<dt class='gallery-icon landscape'>\n\t\t\t\t<a href='https:\/\/willahome.pl\/wp-content\/uploads\/2018\/08\/DSC_4646-Copy.jpg'><img loading=\"lazy\" decoding=\"async\" width=\"240\" height=\"240\" src=\"https:\/\/willahome.pl\/wp-content\/uploads\/2018\/08\/DSC_4646-Copy-240x240.jpg\" class=\"attachment-thumbnail size-thumbnail\" alt=\"\" data-attachment-id=\"1743\" data-permalink=\"https:\/\/willahome.pl\/dsc_4646-copy\/\" data-orig-file=\"https:\/\/willahome.pl\/wp-content\/uploads\/2018\/08\/DSC_4646-Copy.jpg\" data-orig-size=\"1600,1067\" data-comments-opened=\"0\" data-image-meta=\"{&quot;aperture&quot;:&quot;7.1&quot;,&quot;credit&quot;:&quot;&quot;,&quot;camera&quot;:&quot;NIKON D7200&quot;,&quot;caption&quot;:&quot;&quot;,&quot;created_timestamp&quot;:&quot;1534871981&quot;,&quot;copyright&quot;:&quot;&quot;,&quot;focal_length&quot;:&quot;26&quot;,&quot;iso&quot;:&quot;8000&quot;,&quot;shutter_speed&quot;:&quot;0.002&quot;,&quot;title&quot;:&quot;&quot;,&quot;orientation&quot;:&quot;0&quot;}\" data-image-title=\"DSC_4646 (Copy)\" data-image-description=\"\" data-image-caption=\"\" data-large-file=\"https:\/\/willahome.pl\/wp-content\/uploads\/2018\/08\/DSC_4646-Copy-1200x800.jpg\" \/><\/a>\n\t\t\t<\/dt><\/dl><dl class='gallery-item'>\n\t\t\t<dt class='gallery-icon landscape'>\n\t\t\t\t<a href='https:\/\/willahome.pl\/wp-content\/uploads\/2018\/04\/DSC_8921.jpg'><img loading=\"lazy\" decoding=\"async\" width=\"240\" height=\"240\" src=\"https:\/\/willahome.pl\/wp-content\/uploads\/2018\/04\/DSC_8921-240x240.jpg\" class=\"attachment-thumbnail size-thumbnail\" alt=\"\" data-attachment-id=\"1592\" data-permalink=\"https:\/\/willahome.pl\/dsc_8921-2\/\" data-orig-file=\"https:\/\/willahome.pl\/wp-content\/uploads\/2018\/04\/DSC_8921.jpg\" data-orig-size=\"1600,1067\" data-comments-opened=\"0\" data-image-meta=\"{&quot;aperture&quot;:&quot;0&quot;,&quot;credit&quot;:&quot;Picasa&quot;,&quot;camera&quot;:&quot;&quot;,&quot;caption&quot;:&quot;&quot;,&quot;created_timestamp&quot;:&quot;1523525132&quot;,&quot;copyright&quot;:&quot;&quot;,&quot;focal_length&quot;:&quot;0&quot;,&quot;iso&quot;:&quot;0&quot;,&quot;shutter_speed&quot;:&quot;0&quot;,&quot;title&quot;:&quot;&quot;,&quot;orientation&quot;:&quot;0&quot;}\" data-image-title=\"DSC_8921\" data-image-description=\"\" data-image-caption=\"\" data-large-file=\"https:\/\/willahome.pl\/wp-content\/uploads\/2018\/04\/DSC_8921-1200x800.jpg\" \/><\/a>\n\t\t\t<\/dt><\/dl><dl class='gallery-item'>\n\t\t\t<dt class='gallery-icon landscape'>\n\t\t\t\t<a href='https:\/\/willahome.pl\/wp-content\/uploads\/2018\/08\/DSC_4612-Edit-2-Copy.jpg'><img loading=\"lazy\" decoding=\"async\" width=\"240\" height=\"240\" src=\"https:\/\/willahome.pl\/wp-content\/uploads\/2018\/08\/DSC_4612-Edit-2-Copy-240x240.jpg\" class=\"attachment-thumbnail size-thumbnail\" alt=\"\" data-attachment-id=\"1738\" data-permalink=\"https:\/\/willahome.pl\/dsc_4612-edit-2-copy\/\" data-orig-file=\"https:\/\/willahome.pl\/wp-content\/uploads\/2018\/08\/DSC_4612-Edit-2-Copy.jpg\" data-orig-size=\"1600,1067\" data-comments-opened=\"0\" data-image-meta=\"{&quot;aperture&quot;:&quot;4.5&quot;,&quot;credit&quot;:&quot;&quot;,&quot;camera&quot;:&quot;NIKON D7200&quot;,&quot;caption&quot;:&quot;&quot;,&quot;created_timestamp&quot;:&quot;1534870977&quot;,&quot;copyright&quot;:&quot;&quot;,&quot;focal_length&quot;:&quot;40&quot;,&quot;iso&quot;:&quot;8000&quot;,&quot;shutter_speed&quot;:&quot;0.000125&quot;,&quot;title&quot;:&quot;&quot;,&quot;orientation&quot;:&quot;0&quot;}\" data-image-title=\"DSC_4612-Edit-2 (Copy)\" data-image-description=\"\" data-image-caption=\"\" data-large-file=\"https:\/\/willahome.pl\/wp-content\/uploads\/2018\/08\/DSC_4612-Edit-2-Copy-1200x800.jpg\" \/><\/a>\n\t\t\t<\/dt><\/dl><dl class='gallery-item'>\n\t\t\t<dt class='gallery-icon landscape'>\n\t\t\t\t<a href='https:\/\/willahome.pl\/wp-content\/uploads\/2018\/08\/DSC_4508-Copy.jpg'><img loading=\"lazy\" decoding=\"async\" width=\"240\" height=\"240\" src=\"https:\/\/willahome.pl\/wp-content\/uploads\/2018\/08\/DSC_4508-Copy-240x240.jpg\" class=\"attachment-thumbnail size-thumbnail\" alt=\"\" data-attachment-id=\"1773\" data-permalink=\"https:\/\/willahome.pl\/dsc_4508-copy\/\" data-orig-file=\"https:\/\/willahome.pl\/wp-content\/uploads\/2018\/08\/DSC_4508-Copy.jpg\" data-orig-size=\"1600,1067\" data-comments-opened=\"0\" data-image-meta=\"{&quot;aperture&quot;:&quot;2.8&quot;,&quot;credit&quot;:&quot;&quot;,&quot;camera&quot;:&quot;NIKON D7200&quot;,&quot;caption&quot;:&quot;&quot;,&quot;created_timestamp&quot;:&quot;1534868445&quot;,&quot;copyright&quot;:&quot;&quot;,&quot;focal_length&quot;:&quot;50&quot;,&quot;iso&quot;:&quot;8000&quot;,&quot;shutter_speed&quot;:&quot;0.0015625&quot;,&quot;title&quot;:&quot;&quot;,&quot;orientation&quot;:&quot;0&quot;}\" data-image-title=\"DSC_4508 (Copy)\" data-image-description=\"\" data-image-caption=\"\" data-large-file=\"https:\/\/willahome.pl\/wp-content\/uploads\/2018\/08\/DSC_4508-Copy-1200x800.jpg\" \/><\/a>\n\t\t\t<\/dt><\/dl><dl class='gallery-item'>\n\t\t\t<dt class='gallery-icon landscape'>\n\t\t\t\t<a href='https:\/\/willahome.pl\/wp-content\/uploads\/2018\/08\/DSC_4650-Copy.jpg'><img loading=\"lazy\" decoding=\"async\" width=\"240\" height=\"240\" src=\"https:\/\/willahome.pl\/wp-content\/uploads\/2018\/08\/DSC_4650-Copy-240x240.jpg\" class=\"attachment-thumbnail size-thumbnail\" alt=\"\" data-attachment-id=\"1745\" data-permalink=\"https:\/\/willahome.pl\/dsc_4650-copy\/\" data-orig-file=\"https:\/\/willahome.pl\/wp-content\/uploads\/2018\/08\/DSC_4650-Copy.jpg\" data-orig-size=\"1600,1067\" data-comments-opened=\"0\" data-image-meta=\"{&quot;aperture&quot;:&quot;7.1&quot;,&quot;credit&quot;:&quot;&quot;,&quot;camera&quot;:&quot;NIKON D7200&quot;,&quot;caption&quot;:&quot;&quot;,&quot;created_timestamp&quot;:&quot;1534872097&quot;,&quot;copyright&quot;:&quot;&quot;,&quot;focal_length&quot;:&quot;40&quot;,&quot;iso&quot;:&quot;8000&quot;,&quot;shutter_speed&quot;:&quot;0.002&quot;,&quot;title&quot;:&quot;&quot;,&quot;orientation&quot;:&quot;0&quot;}\" data-image-title=\"DSC_4650 (Copy)\" data-image-description=\"\" data-image-caption=\"\" data-large-file=\"https:\/\/willahome.pl\/wp-content\/uploads\/2018\/08\/DSC_4650-Copy-1200x800.jpg\" \/><\/a>\n\t\t\t<\/dt><\/dl><dl class='gallery-item'>\n\t\t\t<dt class='gallery-icon landscape'>\n\t\t\t\t<a href='https:\/\/willahome.pl\/wp-content\/uploads\/2018\/08\/DSC_4533-Copy.jpg'><img loading=\"lazy\" decoding=\"async\" width=\"240\" height=\"240\" src=\"https:\/\/willahome.pl\/wp-content\/uploads\/2018\/08\/DSC_4533-Copy-240x240.jpg\" class=\"attachment-thumbnail size-thumbnail\" alt=\"\" data-attachment-id=\"1724\" data-permalink=\"https:\/\/willahome.pl\/dsc_4533-copy\/\" data-orig-file=\"https:\/\/willahome.pl\/wp-content\/uploads\/2018\/08\/DSC_4533-Copy.jpg\" data-orig-size=\"1600,1067\" data-comments-opened=\"0\" data-image-meta=\"{&quot;aperture&quot;:&quot;3.5&quot;,&quot;credit&quot;:&quot;&quot;,&quot;camera&quot;:&quot;NIKON D7200&quot;,&quot;caption&quot;:&quot;&quot;,&quot;created_timestamp&quot;:&quot;1534869057&quot;,&quot;copyright&quot;:&quot;&quot;,&quot;focal_length&quot;:&quot;10&quot;,&quot;iso&quot;:&quot;8000&quot;,&quot;shutter_speed&quot;:&quot;0.003125&quot;,&quot;title&quot;:&quot;&quot;,&quot;orientation&quot;:&quot;0&quot;}\" data-image-title=\"DSC_4533 (Copy)\" data-image-description=\"\" data-image-caption=\"\" data-large-file=\"https:\/\/willahome.pl\/wp-content\/uploads\/2018\/08\/DSC_4533-Copy-1200x800.jpg\" \/><\/a>\n\t\t\t<\/dt><\/dl><br style=\"clear: both\" \/>\n\t\t<\/div>\n\n<\/div>\n<\/div><\/div><\/div><\/div><\/div>","protected":false},"excerpt":{"rendered":"<p>Sala konferencyjna Rzutnik z pilotem \u00a0Klimatyzacja Ekran Regulowane o\u015bwietlenie Wyposa\u017cenie AV Szybki, bezp\u0142atny i bezprzewodowy internet SALA KONFERENCYJNA Willa Home posiada na drugim pi\u0119trze przestronn\u0105, klimatyzowan\u0105 sal\u0119 konferencyjn\u0105 o powierzchni 55 m2 . SALA KONFERENCYJNA WYPOSA\u017bONA JEST W: Nowoczesne wyposa\u017cenie AV Ekran i rzutnik sterowane za pomoc\u0105 pilota Bezp\u0142atny dost\u0119p&#8230; <\/p>\n","protected":false},"author":2,"featured_media":1758,"parent":0,"menu_order":0,"comment_status":"closed","ping_status":"closed","template":"","meta":{"footnotes":""},"class_list":["post-33","page","type-page","status-publish","has-post-thumbnail","hentry"],"aioseo_notices":[],"jetpack_shortlink":"https:\/\/wp.me\/P9LNh4-x","jetpack_sharing_enabled":true,"_links":{"self":[{"href":"https:\/\/willahome.pl\/pl\/wp-json\/wp\/v2\/pages\/33","targetHints":{"allow":["GET"]}}],"collection":[{"href":"https:\/\/willahome.pl\/pl\/wp-json\/wp\/v2\/pages"}],"about":[{"href":"https:\/\/willahome.pl\/pl\/wp-json\/wp\/v2\/types\/page"}],"author":[{"embeddable":true,"href":"https:\/\/willahome.pl\/pl\/wp-json\/wp\/v2\/users\/2"}],"replies":[{"embeddable":true,"href":"https:\/\/willahome.pl\/pl\/wp-json\/wp\/v2\/comments?post=33"}],"version-history":[{"count":35,"href":"https:\/\/willahome.pl\/pl\/wp-json\/wp\/v2\/pages\/33\/revisions"}],"predecessor-version":[{"id":1930,"href":"https:\/\/willahome.pl\/pl\/wp-json\/wp\/v2\/pages\/33\/revisions\/1930"}],"wp:featuredmedia":[{"embeddable":true,"href":"https:\/\/willahome.pl\/pl\/wp-json\/wp\/v2\/media\/1758"}],"wp:attachment":[{"href":"https:\/\/willahome.pl\/pl\/wp-json\/wp\/v2\/media?parent=33"}],"curies":[{"name":"wp","href":"https:\/\/api.w.org\/{rel}","templated":true}]}}