{"id":35,"date":"2016-10-07T14:39:02","date_gmt":"2016-10-07T14:39:02","guid":{"rendered":"http:\/\/willahome.pl\/?page_id=35"},"modified":"2017-09-19T14:10:11","modified_gmt":"2017-09-19T14:10:11","slug":"przyjecia","status":"publish","type":"page","link":"https:\/\/willahome.pl\/pl\/przyjecia\/","title":{"rendered":"PRZYJ\u0118CIA"},"content":{"rendered":"<p>Hotel Park Kajetany wraz z mieszcz\u0105c\u0105 si\u0119 w nim Restauracj\u0105 Pod\u00a0\u015alimakiem to\u00a0idealne miejsce do\u00a0organizacji spotka\u0144 rodzinnych i\u00a0imprez okoliczno\u015bciowych. Organizujemy komunie, chrzciny, urodziny, jubileusze oraz\u00a0bardziej kameralne spotkania.<\/p>\n<p>Restauracja ma \u0142\u0105czn\u0105 powierzchni\u0119 <strong>170 m\u00b2<\/strong> \u00a0i mie\u015bci do\u00a0<strong>150 os\u00f3b<\/strong>. Bezpo\u015brednie wyj\u015bcie do\u00a0ogrodu, parkiet taneczny, klimatyzacja oraz\u00a0o\u015bwietlony teren wok\u00f3\u0142, zapewniaj\u0105 mo\u017cliwo\u015bci przygotowania wyj\u0105tkowej oprawy spotkania.<\/p>\n<p align=\"JUSTIFY\">Do dyspozycji go\u015bci s\u0105 tak\u017ce<strong>\u00a0<\/strong>trzy nowoczesne sale konferencyjne o powierzchni od 55 m2 do 65 m2, z mo\u017cliwo\u015bci\u0105 po\u0142\u0105czenia w jedn\u0105 sal\u0119 o powierzchni 177 m2 mog\u0105c\u0105 pomie\u015bci\u0107 do 200 os\u00f3b w uk\u0142adzie teatralnym, a tak\u017ce Chata G\u00f3ralska\u00a0otoczona pi\u0119knym ogrodem, wyposa\u017cona w\u00a0zaplecze kuchenne i\u00a0sanitarne, kominek, klimatyzacj\u0119, profesjonalne nag\u0142o\u015bnienie, sprz\u0119t karaoke.<\/p>\n<p>Organizacj\u0119 uroczysto\u015bci rodzinnej lub jej opraw\u0119 umo\u017cliwiaj\u0105 tak\u017ce obiekty O\u015brodka Medincus Active:<\/p>\n<ul style=\"list-style-type: disc; padding-left: 30px;\">\n<li>Wiata grillowa\u00a0idealna na\u00a0spotkania w\u00a0mniejszym gronie, otoczona terenem zielonym z\u00a0oczkiem wodnym, pomostem i\u00a0kaskad\u0105.<\/li>\n<li>szeroka gama us\u0142ug sportowych i\u00a0rekreacyjnych: jazda konna, kr\u0119gielnia, squash, tenis ziemny, boiska rekreacyjne (boccia, indiaka, krykiet, mini golf, shuffleboard, badminton).<\/li>\n<\/ul>\n<p>&nbsp;<\/p>\n<p>Wieloletnie do\u015bwiadczenie naszego zespo\u0142u i\u00a0indywidualne podej\u015bcie do\u00a0ka\u017cdego projektu sprawiaj\u0105, \u017ce\u00a0ka\u017cda uroczysto\u015b\u0107 zorganizowana w\u00a0naszej przestrzeni b\u0119dzie wyj\u0105tkowa.<\/p>\n<h3>KONTAKT<\/h3>\n<p align=\"JUSTIFY\"><strong>DZIA\u0141 SPRZEDA\u017bY (BIZNES, PRZYJ\u0118CIA)<\/strong><\/p>\n<p align=\"JUSTIFY\">Sylwia Syska.<br \/>\nSpecjalista ds. organizacji<\/p>\n<p align=\"JUSTIFY\">Tel.: +48 607\u00a0222\u00a0898<\/p>\n<p align=\"JUSTIFY\">e-mial: <a href=\"mailto:organizacja@willahome.pl\">organizacja@willahome.pl<\/a><\/p>\n<h3>GALERIA<\/h3>\n\n","protected":false},"excerpt":{"rendered":"<p>Hotel Park Kajetany wraz z mieszcz\u0105c\u0105 si\u0119 w nim Restauracj\u0105 Pod\u00a0\u015alimakiem to\u00a0idealne miejsce do\u00a0organizacji spotka\u0144 rodzinnych i\u00a0imprez okoliczno\u015bciowych. Organizujemy komunie, chrzciny, urodziny, jubileusze oraz\u00a0bardziej kameralne spotkania. Restauracja ma \u0142\u0105czn\u0105 powierzchni\u0119 170 m\u00b2 \u00a0i mie\u015bci do\u00a0150 os\u00f3b. Bezpo\u015brednie wyj\u015bcie do\u00a0ogrodu, parkiet taneczny, klimatyzacja oraz\u00a0o\u015bwietlony teren wok\u00f3\u0142, zapewniaj\u0105 mo\u017cliwo\u015bci przygotowania wyj\u0105tkowej oprawy&#8230; <\/p>\n","protected":false},"author":2,"featured_media":0,"parent":0,"menu_order":0,"comment_status":"closed","ping_status":"closed","template":"","meta":{"footnotes":""},"class_list":["post-35","page","type-page","status-publish","hentry"],"aioseo_notices":[],"jetpack_shortlink":"https:\/\/wp.me\/P9LNh4-z","jetpack_sharing_enabled":true,"_links":{"self":[{"href":"https:\/\/willahome.pl\/pl\/wp-json\/wp\/v2\/pages\/35","targetHints":{"allow":["GET"]}}],"collection":[{"href":"https:\/\/willahome.pl\/pl\/wp-json\/wp\/v2\/pages"}],"about":[{"href":"https:\/\/willahome.pl\/pl\/wp-json\/wp\/v2\/types\/page"}],"author":[{"embeddable":true,"href":"https:\/\/willahome.pl\/pl\/wp-json\/wp\/v2\/users\/2"}],"replies":[{"embeddable":true,"href":"https:\/\/willahome.pl\/pl\/wp-json\/wp\/v2\/comments?post=35"}],"version-history":[{"count":2,"href":"https:\/\/willahome.pl\/pl\/wp-json\/wp\/v2\/pages\/35\/revisions"}],"predecessor-version":[{"id":1415,"href":"https:\/\/willahome.pl\/pl\/wp-json\/wp\/v2\/pages\/35\/revisions\/1415"}],"wp:attachment":[{"href":"https:\/\/willahome.pl\/pl\/wp-json\/wp\/v2\/media?parent=35"}],"curies":[{"name":"wp","href":"https:\/\/api.w.org\/{rel}","templated":true}]}}