{"id":41,"date":"2016-10-07T14:40:16","date_gmt":"2016-10-07T14:40:16","guid":{"rendered":"http:\/\/willahome.pl\/?page_id=41"},"modified":"2018-08-29T12:46:36","modified_gmt":"2018-08-29T12:46:36","slug":"kontakt","status":"publish","type":"page","link":"https:\/\/willahome.pl\/pl\/kontakt\/","title":{"rendered":"KONTAKT"},"content":{"rendered":"<div id=\"pl-41\"  class=\"panel-layout\" ><div id=\"pg-41-0\"  class=\"panel-grid panel-no-style\" ><div id=\"pgc-41-0-0\"  class=\"panel-grid-cell\" ><div id=\"panel-41-0-0-0\" class=\"so-panel widget widget_sow-editor panel-first-child panel-last-child\" data-index=\"0\" ><div\n\t\t\t\n\t\t\tclass=\"so-widget-sow-editor so-widget-sow-editor-base\"\n\t\t\t\n\t\t>\n<div class=\"siteorigin-widget-tinymce textwidget\">\n\t<p><b>WILLA HOME<\/b><\/p>\n<p>ul. T. Ko\u015bciuszki 20, 87-720 Ciechocinek<\/p>\n<p><strong>RECEPCJA<\/strong><\/p>\n<p><i class=\"fa fa-phone \" ><\/i> +48 54 423 17 90<br \/>\n <i class=\"fa fa-at \" ><\/i>\u00a0<a href=\"mailto:recepcja@willahome.pl\">recepcja@willahome.pl<\/a><\/p>\n<p><b>DZIA\u0141 MARKETINGU<\/b><\/p>\n<p><i class=\"fa fa-phone \" ><\/i> + 48 885 800 908<\/p>\n<\/div>\n<\/div><\/div><\/div><div id=\"pgc-41-0-1\"  class=\"panel-grid-cell\" ><div id=\"panel-41-0-1-0\" class=\"so-panel widget widget_sow-editor panel-first-child panel-last-child\" data-index=\"1\" ><div\n\t\t\t\n\t\t\tclass=\"so-widget-sow-editor so-widget-sow-editor-base\"\n\t\t\t\n\t\t>\n<div class=\"siteorigin-widget-tinymce textwidget\">\n\t<p><iframe loading=\"lazy\" src=\"https:\/\/www.google.com\/maps\/embed?pb=!1m14!1m8!1m3!1d9631.430132541656!2d18.7983158!3d52.8789807!3m2!1i1024!2i768!4f13.1!3m3!1m2!1s0x0%3A0x9432b68fb5a90676!2sWilla+Home!5e0!3m2!1spl!2spl!4v1523534609315\" width=\"600\" height=\"450\" frameborder=\"0\" style=\"border:0\" allowfullscreen><\/iframe><\/p>\n<\/div>\n<\/div><\/div><\/div><\/div><div id=\"pg-41-1\"  class=\"panel-grid panel-no-style\" ><div id=\"pgc-41-1-0\"  class=\"panel-grid-cell\" ><div id=\"panel-41-1-0-0\" class=\"so-panel widget widget_sow-editor panel-first-child panel-last-child\" data-index=\"2\" ><div\n\t\t\t\n\t\t\tclass=\"so-widget-sow-editor so-widget-sow-editor-base\"\n\t\t\t\n\t\t>\n<div class=\"siteorigin-widget-tinymce textwidget\">\n\t<h3>Z\u0141\u00d3\u017b ZAPYTANIE REZERWACYJNE<\/h3>\n\n<div class=\"wpcf7 no-js\" id=\"wpcf7-f4-o1\" lang=\"pl-PL\" dir=\"ltr\" data-wpcf7-id=\"4\">\n<div class=\"screen-reader-response\"><p role=\"status\" aria-live=\"polite\" aria-atomic=\"true\"><\/p> <ul><\/ul><\/div>\n<form action=\"\/pl\/wp-json\/wp\/v2\/pages\/41#wpcf7-f4-o1\" method=\"post\" class=\"wpcf7-form init\" aria-label=\"Formularz kontaktowy\" novalidate=\"novalidate\" data-status=\"init\">\n<fieldset class=\"hidden-fields-container\"><input type=\"hidden\" name=\"_wpcf7\" value=\"4\" \/><input type=\"hidden\" name=\"_wpcf7_version\" value=\"6.1.5\" \/><input type=\"hidden\" name=\"_wpcf7_locale\" value=\"pl_PL\" \/><input type=\"hidden\" name=\"_wpcf7_unit_tag\" value=\"wpcf7-f4-o1\" \/><input type=\"hidden\" name=\"_wpcf7_container_post\" value=\"0\" \/><input type=\"hidden\" name=\"_wpcf7_posted_data_hash\" value=\"\" \/>\n<\/fieldset>\n<p>Imi\u0119 i nazwisko (wymagane)\n<\/p>\n<p><span class=\"wpcf7-form-control-wrap\" data-name=\"your-name\"><input size=\"40\" maxlength=\"400\" class=\"wpcf7-form-control wpcf7-text wpcf7-validates-as-required\" aria-required=\"true\" aria-invalid=\"false\" value=\"\" type=\"text\" name=\"your-name\" \/><\/span>\n<\/p>\n<p>Adres email (wymagane)\n<\/p>\n<p><span class=\"wpcf7-form-control-wrap\" data-name=\"your-email\"><input size=\"40\" maxlength=\"400\" class=\"wpcf7-form-control wpcf7-email wpcf7-validates-as-required wpcf7-text wpcf7-validates-as-email\" aria-required=\"true\" aria-invalid=\"false\" value=\"\" type=\"email\" name=\"your-email\" \/><\/span>\n<\/p>\n<p>Data (wymagane)\n<\/p>\n<p>Od: <span class=\"wpcf7-form-control-wrap\" data-name=\"dataod\"><input class=\"wpcf7-form-control wpcf7-date wpcf7-validates-as-required wpcf7-validates-as-date\" aria-required=\"true\" aria-invalid=\"false\" value=\"\" type=\"date\" name=\"dataod\" \/><\/span>\n<\/p>\n<p><br \/>\nDo: <span class=\"wpcf7-form-control-wrap\" data-name=\"datado\"><input class=\"wpcf7-form-control wpcf7-date wpcf7-validates-as-required wpcf7-validates-as-date\" aria-required=\"true\" aria-invalid=\"false\" value=\"\" type=\"date\" name=\"datado\" \/><\/span>\n<\/p>\n<p>Ilo\u015b\u0107 os\u00f3b (wymagane)\n<\/p>\n<p><span class=\"wpcf7-form-control-wrap\" data-name=\"iloscosob\"><select class=\"wpcf7-form-control wpcf7-select wpcf7-validates-as-required\" aria-required=\"true\" aria-invalid=\"false\" name=\"iloscosob\"><option value=\"1-osobowy\">1-osobowy<\/option><option value=\"2-osobowy\">2-osobowy<\/option><option value=\"3-osobowy\">3-osobowy<\/option><\/select><\/span>\n<\/p>\n<p>Tre\u015b\u0107 wiadomo\u015bci\n<\/p>\n<p><span class=\"wpcf7-form-control-wrap\" data-name=\"your-message\"><textarea cols=\"40\" rows=\"10\" maxlength=\"2000\" class=\"wpcf7-form-control wpcf7-textarea\" aria-invalid=\"false\" name=\"your-message\"><\/textarea><\/span>\n<\/p>\n<p><input class=\"wpcf7-form-control wpcf7-submit has-spinner\" type=\"submit\" value=\"Wy\u015blij\" \/>\n<\/p><div class=\"wpcf7-response-output\" aria-hidden=\"true\"><\/div>\n<\/form>\n<\/div>\n\n<\/div>\n<\/div><\/div><\/div><\/div><\/div>","protected":false},"excerpt":{"rendered":"<p>WILLA HOME ul. T. Ko\u015bciuszki 20, 87-720 Ciechocinek RECEPCJA +48 54 423 17 90 \u00a0recepcja@willahome.pl DZIA\u0141 MARKETINGU + 48 885 800 908 Z\u0141\u00d3\u017b ZAPYTANIE REZERWACYJNE<\/p>\n","protected":false},"author":2,"featured_media":1767,"parent":0,"menu_order":0,"comment_status":"closed","ping_status":"closed","template":"template-no-sidebar.php","meta":{"footnotes":""},"class_list":["post-41","page","type-page","status-publish","has-post-thumbnail","hentry"],"aioseo_notices":[],"jetpack_shortlink":"https:\/\/wp.me\/P9LNh4-F","jetpack_sharing_enabled":true,"_links":{"self":[{"href":"https:\/\/willahome.pl\/pl\/wp-json\/wp\/v2\/pages\/41","targetHints":{"allow":["GET"]}}],"collection":[{"href":"https:\/\/willahome.pl\/pl\/wp-json\/wp\/v2\/pages"}],"about":[{"href":"https:\/\/willahome.pl\/pl\/wp-json\/wp\/v2\/types\/page"}],"author":[{"embeddable":true,"href":"https:\/\/willahome.pl\/pl\/wp-json\/wp\/v2\/users\/2"}],"replies":[{"embeddable":true,"href":"https:\/\/willahome.pl\/pl\/wp-json\/wp\/v2\/comments?post=41"}],"version-history":[{"count":27,"href":"https:\/\/willahome.pl\/pl\/wp-json\/wp\/v2\/pages\/41\/revisions"}],"predecessor-version":[{"id":1781,"href":"https:\/\/willahome.pl\/pl\/wp-json\/wp\/v2\/pages\/41\/revisions\/1781"}],"wp:featuredmedia":[{"embeddable":true,"href":"https:\/\/willahome.pl\/pl\/wp-json\/wp\/v2\/media\/1767"}],"wp:attachment":[{"href":"https:\/\/willahome.pl\/pl\/wp-json\/wp\/v2\/media?parent=41"}],"curies":[{"name":"wp","href":"https:\/\/api.w.org\/{rel}","templated":true}]}}