{"id":539,"date":"2017-04-24T12:05:48","date_gmt":"2017-04-24T12:05:48","guid":{"rendered":"http:\/\/willahome.pl\/?page_id=539"},"modified":"2024-08-30T14:37:12","modified_gmt":"2024-08-30T14:37:12","slug":"pokoje-superior","status":"publish","type":"page","link":"https:\/\/willahome.pl\/pl\/pokoje\/pokoje-superior\/","title":{"rendered":"POKOJE SUPERIOR"},"content":{"rendered":"<div id=\"pl-539\"  class=\"panel-layout\" ><div id=\"pg-539-0\"  class=\"panel-grid panel-has-style\" ><div class=\"shadow panel-row-style panel-row-style-for-539-0\" ><div id=\"pgc-539-0-0\"  class=\"panel-grid-cell\" ><div class=\"iconstxt panel-cell-style panel-cell-style-for-539-0-0\" ><div id=\"panel-539-0-0-0\" class=\"so-panel widget widget_sow-editor panel-first-child\" data-index=\"0\" ><div class=\"piktogram panel-widget-style panel-widget-style-for-539-0-0-0\" ><div\n\t\t\t\n\t\t\tclass=\"so-widget-sow-editor so-widget-sow-editor-base\"\n\t\t\t\n\t\t>\n<div class=\"siteorigin-widget-tinymce textwidget\">\n\t<p><img data-attachment-id=\"513\" data-permalink=\"https:\/\/willahome.pl\/pl\/pokoje\/pokoje-standard\/50kosmetyki\/#main\" data-orig-file=\"https:\/\/willahome.pl\/wp-content\/uploads\/2017\/04\/50kosmetyki.png\" data-orig-size=\"50,50\" data-comments-opened=\"0\" data-image-meta=\"{&quot;aperture&quot;:&quot;0&quot;,&quot;credit&quot;:&quot;&quot;,&quot;camera&quot;:&quot;&quot;,&quot;caption&quot;:&quot;&quot;,&quot;created_timestamp&quot;:&quot;0&quot;,&quot;copyright&quot;:&quot;&quot;,&quot;focal_length&quot;:&quot;0&quot;,&quot;iso&quot;:&quot;0&quot;,&quot;shutter_speed&quot;:&quot;0&quot;,&quot;title&quot;:&quot;&quot;,&quot;orientation&quot;:&quot;0&quot;}\" data-image-title=\"50kosmetyki\" data-image-description=\"\" data-image-caption=\"\" data-large-file=\"https:\/\/willahome.pl\/wp-content\/uploads\/2017\/04\/50kosmetyki.png\" loading=\"lazy\" decoding=\"async\" class=\"alignnone size-full wp-image-513\" src=\"http:\/\/willahome.pl\/wp-content\/uploads\/2017\/04\/50kosmetyki.png\" alt=\"\" width=\"50\" height=\"50\" \/><br \/> Kosmetyki<\/p>\n<\/div>\n<\/div><\/div><\/div><div id=\"panel-539-0-0-1\" class=\"so-panel widget widget_sow-editor\" data-index=\"1\" ><div class=\"piktogram panel-widget-style panel-widget-style-for-539-0-0-1\" ><div\n\t\t\t\n\t\t\tclass=\"so-widget-sow-editor so-widget-sow-editor-base\"\n\t\t\t\n\t\t>\n<div class=\"siteorigin-widget-tinymce textwidget\">\n\t<p><img data-attachment-id=\"508\" data-permalink=\"https:\/\/willahome.pl\/pl\/pokoje\/pokoje-standard\/50-2xlozko\/#main\" data-orig-file=\"https:\/\/willahome.pl\/wp-content\/uploads\/2017\/04\/50-2xlozko.png\" data-orig-size=\"50,50\" data-comments-opened=\"0\" data-image-meta=\"{&quot;aperture&quot;:&quot;0&quot;,&quot;credit&quot;:&quot;&quot;,&quot;camera&quot;:&quot;&quot;,&quot;caption&quot;:&quot;&quot;,&quot;created_timestamp&quot;:&quot;0&quot;,&quot;copyright&quot;:&quot;&quot;,&quot;focal_length&quot;:&quot;0&quot;,&quot;iso&quot;:&quot;0&quot;,&quot;shutter_speed&quot;:&quot;0&quot;,&quot;title&quot;:&quot;&quot;,&quot;orientation&quot;:&quot;0&quot;}\" data-image-title=\"50-2xlozko\" data-image-description=\"\" data-image-caption=\"\" data-large-file=\"https:\/\/willahome.pl\/wp-content\/uploads\/2017\/04\/50-2xlozko.png\" loading=\"lazy\" decoding=\"async\" class=\"alignnone size-full wp-image-508\" src=\"http:\/\/willahome.pl\/wp-content\/uploads\/2017\/04\/50-2xlozko.png\" alt=\"\" width=\"50\" height=\"50\" \/><br \/> Wygodne \u0142\u00f3\u017cka<\/p>\n<\/div>\n<\/div><\/div><\/div><div id=\"panel-539-0-0-2\" class=\"so-panel widget widget_sow-editor\" data-index=\"2\" ><div class=\"piktogram panel-widget-style panel-widget-style-for-539-0-0-2\" ><div\n\t\t\t\n\t\t\tclass=\"so-widget-sow-editor so-widget-sow-editor-base\"\n\t\t\t\n\t\t>\n<div class=\"siteorigin-widget-tinymce textwidget\">\n\t<p>\u00a0\u00a0\u00a0<i class=\"fa fa-television fa-4x\"><\/i>\u00a0\u00a0\u00a0<br \/> 40\"\u00a0telewizor LCD<\/p>\n<\/div>\n<\/div><\/div><\/div><div id=\"panel-539-0-0-3\" class=\"so-panel widget widget_sow-editor\" data-index=\"3\" ><div class=\"piktogram panel-widget-style panel-widget-style-for-539-0-0-3\" ><div\n\t\t\t\n\t\t\tclass=\"so-widget-sow-editor so-widget-sow-editor-base\"\n\t\t\t\n\t\t>\n<div class=\"siteorigin-widget-tinymce textwidget\">\n\t<p>\u00a0<img data-attachment-id=\"518\" data-permalink=\"https:\/\/willahome.pl\/pl\/pokoje\/pokoje-standard\/50praca\/#main\" data-orig-file=\"https:\/\/willahome.pl\/wp-content\/uploads\/2017\/04\/50praca.png\" data-orig-size=\"50,50\" data-comments-opened=\"0\" data-image-meta=\"{&quot;aperture&quot;:&quot;0&quot;,&quot;credit&quot;:&quot;&quot;,&quot;camera&quot;:&quot;&quot;,&quot;caption&quot;:&quot;&quot;,&quot;created_timestamp&quot;:&quot;0&quot;,&quot;copyright&quot;:&quot;&quot;,&quot;focal_length&quot;:&quot;0&quot;,&quot;iso&quot;:&quot;0&quot;,&quot;shutter_speed&quot;:&quot;0&quot;,&quot;title&quot;:&quot;&quot;,&quot;orientation&quot;:&quot;0&quot;}\" data-image-title=\"50praca\" data-image-description=\"\" data-image-caption=\"\" data-large-file=\"https:\/\/willahome.pl\/wp-content\/uploads\/2017\/04\/50praca.png\" loading=\"lazy\" decoding=\"async\" class=\"alignnone size-full wp-image-518\" src=\"http:\/\/willahome.pl\/wp-content\/uploads\/2017\/04\/50praca.png\" alt=\"\" width=\"50\" height=\"50\" \/>\u00a0<br \/>biurko do pracy<\/p>\n<\/div>\n<\/div><\/div><\/div><div id=\"panel-539-0-0-4\" class=\"so-panel widget widget_sow-editor\" data-index=\"4\" ><div class=\"piktogram panel-widget-style panel-widget-style-for-539-0-0-4\" ><div\n\t\t\t\n\t\t\tclass=\"so-widget-sow-editor so-widget-sow-editor-base\"\n\t\t\t\n\t\t>\n<div class=\"siteorigin-widget-tinymce textwidget\">\n\t<p><img data-attachment-id=\"512\" data-permalink=\"https:\/\/willahome.pl\/pl\/pokoje\/pokoje-standard\/50klimatyzacja2\/#main\" data-orig-file=\"https:\/\/willahome.pl\/wp-content\/uploads\/2017\/04\/50klimatyzacja2.png\" data-orig-size=\"50,50\" data-comments-opened=\"0\" data-image-meta=\"{&quot;aperture&quot;:&quot;0&quot;,&quot;credit&quot;:&quot;&quot;,&quot;camera&quot;:&quot;&quot;,&quot;caption&quot;:&quot;&quot;,&quot;created_timestamp&quot;:&quot;0&quot;,&quot;copyright&quot;:&quot;&quot;,&quot;focal_length&quot;:&quot;0&quot;,&quot;iso&quot;:&quot;0&quot;,&quot;shutter_speed&quot;:&quot;0&quot;,&quot;title&quot;:&quot;&quot;,&quot;orientation&quot;:&quot;0&quot;}\" data-image-title=\"50klimatyzacja2\" data-image-description=\"\" data-image-caption=\"\" data-large-file=\"https:\/\/willahome.pl\/wp-content\/uploads\/2017\/04\/50klimatyzacja2.png\" loading=\"lazy\" decoding=\"async\" class=\"alignnone size-full wp-image-512\" src=\"http:\/\/willahome.pl\/wp-content\/uploads\/2017\/04\/50klimatyzacja2.png\" alt=\"\" width=\"50\" height=\"50\" \/><br \/> Klimatyzacja<\/p>\n<\/div>\n<\/div><\/div><\/div><div id=\"panel-539-0-0-5\" class=\"so-panel widget widget_sow-editor\" data-index=\"5\" ><div class=\"piktogram panel-widget-style panel-widget-style-for-539-0-0-5\" ><div\n\t\t\t\n\t\t\tclass=\"so-widget-sow-editor so-widget-sow-editor-base\"\n\t\t\t\n\t\t>\n<div class=\"siteorigin-widget-tinymce textwidget\">\n\t<p><i class=\"fa fa-bath fa-4x\" aria-hidden=\"true\"><\/i><br \/> \u0141azienka z prysznicem<\/p>\n<\/div>\n<\/div><\/div><\/div><div id=\"panel-539-0-0-6\" class=\"so-panel widget widget_sow-editor\" data-index=\"6\" ><div class=\"piktogram panel-widget-style panel-widget-style-for-539-0-0-6\" ><div\n\t\t\t\n\t\t\tclass=\"so-widget-sow-editor so-widget-sow-editor-base\"\n\t\t\t\n\t\t>\n<div class=\"siteorigin-widget-tinymce textwidget\">\n\t<p>\u00a0\u00a0\u00a0<i class=\"fa fa-volume-control-phone fa-4x\"><\/i>\u00a0\u00a0\u00a0<br \/> \u00a0Telefon\u00a0<\/p>\n<\/div>\n<\/div><\/div><\/div><div id=\"panel-539-0-0-7\" class=\"so-panel widget widget_sow-editor\" data-index=\"7\" ><div class=\"piktogram panel-widget-style panel-widget-style-for-539-0-0-7\" ><div\n\t\t\t\n\t\t\tclass=\"so-widget-sow-editor so-widget-sow-editor-base\"\n\t\t\t\n\t\t>\n<div class=\"siteorigin-widget-tinymce textwidget\">\n\t<p><img data-attachment-id=\"509\" data-permalink=\"https:\/\/willahome.pl\/pl\/pokoje\/pokoje-standard\/50bedsheets\/#main\" data-orig-file=\"https:\/\/willahome.pl\/wp-content\/uploads\/2017\/04\/50bedsheets.png\" data-orig-size=\"50,50\" data-comments-opened=\"0\" data-image-meta=\"{&quot;aperture&quot;:&quot;0&quot;,&quot;credit&quot;:&quot;&quot;,&quot;camera&quot;:&quot;&quot;,&quot;caption&quot;:&quot;&quot;,&quot;created_timestamp&quot;:&quot;0&quot;,&quot;copyright&quot;:&quot;&quot;,&quot;focal_length&quot;:&quot;0&quot;,&quot;iso&quot;:&quot;0&quot;,&quot;shutter_speed&quot;:&quot;0&quot;,&quot;title&quot;:&quot;&quot;,&quot;orientation&quot;:&quot;0&quot;}\" data-image-title=\"50bedsheets\" data-image-description=\"\" data-image-caption=\"\" data-large-file=\"https:\/\/willahome.pl\/wp-content\/uploads\/2017\/04\/50bedsheets.png\" loading=\"lazy\" decoding=\"async\" class=\"alignnone size-full wp-image-509\" src=\"http:\/\/willahome.pl\/wp-content\/uploads\/2017\/04\/50bedsheets.png\" alt=\"\" width=\"50\" height=\"50\" \/><br \/> Po\u015bciel antyalergiczna<\/p>\n<\/div>\n<\/div><\/div><\/div><div id=\"panel-539-0-0-8\" class=\"so-panel widget widget_sow-editor\" data-index=\"8\" ><div class=\"piktogram panel-widget-style panel-widget-style-for-539-0-0-8\" ><div\n\t\t\t\n\t\t\tclass=\"so-widget-sow-editor so-widget-sow-editor-base\"\n\t\t\t\n\t\t>\n<div class=\"siteorigin-widget-tinymce textwidget\">\n\t<p><i class=\"fa fa-wifi fa-4x \" ><\/i><br \/>WiFi<\/p>\n<\/div>\n<\/div><\/div><\/div><div id=\"panel-539-0-0-9\" class=\"so-panel widget widget_sow-editor\" data-index=\"9\" ><div class=\"piktogram panel-widget-style panel-widget-style-for-539-0-0-9\" ><div\n\t\t\t\n\t\t\tclass=\"so-widget-sow-editor so-widget-sow-editor-base\"\n\t\t\t\n\t\t>\n<div class=\"siteorigin-widget-tinymce textwidget\">\n\t<p><img data-attachment-id=\"519\" data-permalink=\"https:\/\/willahome.pl\/pl\/pokoje\/pokoje-standard\/50reczniki\/#main\" data-orig-file=\"https:\/\/willahome.pl\/wp-content\/uploads\/2017\/04\/50reczniki.png\" data-orig-size=\"50,50\" data-comments-opened=\"0\" data-image-meta=\"{&quot;aperture&quot;:&quot;0&quot;,&quot;credit&quot;:&quot;&quot;,&quot;camera&quot;:&quot;&quot;,&quot;caption&quot;:&quot;&quot;,&quot;created_timestamp&quot;:&quot;0&quot;,&quot;copyright&quot;:&quot;&quot;,&quot;focal_length&quot;:&quot;0&quot;,&quot;iso&quot;:&quot;0&quot;,&quot;shutter_speed&quot;:&quot;0&quot;,&quot;title&quot;:&quot;&quot;,&quot;orientation&quot;:&quot;0&quot;}\" data-image-title=\"50reczniki\" data-image-description=\"\" data-image-caption=\"\" data-large-file=\"https:\/\/willahome.pl\/wp-content\/uploads\/2017\/04\/50reczniki.png\" loading=\"lazy\" decoding=\"async\" class=\"alignnone size-full wp-image-519\" src=\"http:\/\/willahome.pl\/wp-content\/uploads\/2017\/04\/50reczniki.png\" alt=\"\" width=\"50\" height=\"50\" \/><br \/> R\u0119czniki<\/p>\n<\/div>\n<\/div><\/div><\/div><div id=\"panel-539-0-0-10\" class=\"so-panel widget widget_sow-editor panel-last-child\" data-index=\"10\" ><div class=\"piktogram panel-widget-style panel-widget-style-for-539-0-0-10\" ><div\n\t\t\t\n\t\t\tclass=\"so-widget-sow-editor so-widget-sow-editor-base\"\n\t\t\t\n\t\t>\n<div class=\"siteorigin-widget-tinymce textwidget\">\n\t<p><img data-attachment-id=\"510\" data-permalink=\"https:\/\/willahome.pl\/pl\/pokoje\/pokoje-standard\/50hair-dryer-icon\/#main\" data-orig-file=\"https:\/\/willahome.pl\/wp-content\/uploads\/2017\/04\/50Hair-Dryer-icon.png\" data-orig-size=\"50,50\" data-comments-opened=\"0\" data-image-meta=\"{&quot;aperture&quot;:&quot;0&quot;,&quot;credit&quot;:&quot;&quot;,&quot;camera&quot;:&quot;&quot;,&quot;caption&quot;:&quot;&quot;,&quot;created_timestamp&quot;:&quot;0&quot;,&quot;copyright&quot;:&quot;&quot;,&quot;focal_length&quot;:&quot;0&quot;,&quot;iso&quot;:&quot;0&quot;,&quot;shutter_speed&quot;:&quot;0&quot;,&quot;title&quot;:&quot;&quot;,&quot;orientation&quot;:&quot;0&quot;}\" data-image-title=\"50Hair-Dryer-icon\" data-image-description=\"\" data-image-caption=\"\" data-large-file=\"https:\/\/willahome.pl\/wp-content\/uploads\/2017\/04\/50Hair-Dryer-icon.png\" loading=\"lazy\" decoding=\"async\" class=\"alignnone size-full wp-image-510\" src=\"http:\/\/willahome.pl\/wp-content\/uploads\/2017\/04\/50Hair-Dryer-icon.png\" alt=\"\" width=\"50\" height=\"50\" \/><br \/> Suszarka do w\u0142os\u00f3w<\/p>\n<\/div>\n<\/div><\/div><\/div><\/div><\/div><\/div><\/div><div id=\"pg-539-1\"  class=\"panel-grid panel-has-style\" ><div class=\"siteorigin-panels-stretch panel-row-style panel-row-style-for-539-1\" data-stretch-type=\"full\" ><div id=\"pgc-539-1-0\"  class=\"panel-grid-cell\" ><div id=\"panel-539-1-0-0\" class=\"so-panel widget widget_sow-editor panel-first-child panel-last-child\" data-index=\"11\" ><div\n\t\t\t\n\t\t\tclass=\"so-widget-sow-editor so-widget-sow-editor-base\"\n\t\t\t\n\t\t>\n<div class=\"siteorigin-widget-tinymce textwidget\">\n\t<table class=\"tableprice uppercase\" style=\"width: 78.3885%;\">\n<tbody>\n<tr class=\"bgfafa\">\n<td style=\"width: 51.1074%;\"><strong>Cennik us\u0142ugi noclegowej:<\/strong><\/td>\n<td style=\"width: 112.898%;\"><strong>Pok\u00f3j SUPERIOR:<\/strong><\/td>\n<\/tr>\n<tr class=\"bgfafa\">\n<td style=\"width: 51.1074%;\">dwuosobowy<\/td>\n<td style=\"width: 112.898%;\">390,00 PLN** \/ 490,00 PLN***<\/td>\n<\/tr>\n<tr class=\"bgfafa\">\n<td style=\"width: 51.1074%;\">dziecko 0-4 lat<\/td>\n<td style=\"width: 112.898%;\">bezp\u0142atnie<\/td>\n<\/tr>\n<tr class=\"bgfafa\">\n<td style=\"width: 51.1074%;\">dziecko 5-12 lat<\/td>\n<td style=\"width: 112.898%;\">90,00 PLN<\/td>\n<\/tr>\n<tr class=\"bgfafa\">\n<td style=\"width: 51.1074%;\">dziecko 12-18 lat<\/td>\n<td style=\"width: 112.898%;\">pe\u0142nop\u0142atnie<\/td>\n<\/tr>\n<tr class=\"white\">\n<td style=\"width: 51.1074%;\">Dostawka<\/td>\n<td style=\"width: 112.898%;\">150,00 PLN<\/td>\n<\/tr>\n<tr>\n<td style=\"width: 164.006%;\" colspan=\"2\">*Ceny zawieraj\u0105 podatek VAT i \u015bniadanie, nie zawieraj\u0105 op\u0142aty miejscowej: 3,70 PLN\/os.\/doba<\/td>\n<\/tr>\n<tr>\n<td style=\"width: 164.006%;\" colspan=\"2\">**sezon niski (od 03.01.2024 do 30.03.2024 oraz od 01.10.2024 do 23.12.2024)<\/td>\n<\/tr>\n<tr>\n<td style=\"width: 164.006%;\" colspan=\"2\">***sezon wysoki (od 01.04.2024 do 30.09.2024)<\/td>\n<\/tr>\n<\/tbody>\n<\/table>\n<\/div>\n<\/div><\/div><\/div><\/div><\/div><div id=\"pg-539-2\"  class=\"panel-grid panel-no-style\" ><div id=\"pgc-539-2-0\"  class=\"panel-grid-cell\" ><div id=\"panel-539-2-0-0\" class=\"so-panel widget widget_sow-editor panel-first-child panel-last-child\" data-index=\"12\" ><div\n\t\t\t\n\t\t\tclass=\"so-widget-sow-editor so-widget-sow-editor-base\"\n\t\t\t\n\t\t>\n<div class=\"siteorigin-widget-tinymce textwidget\">\n\t<\/div>\n<\/div><\/div><\/div><\/div><\/div>","protected":false},"excerpt":{"rendered":"<p>Kosmetyki Wygodne \u0142\u00f3\u017cka \u00a0\u00a0\u00a0\u00a0\u00a0\u00a0 40&#8243;\u00a0telewizor LCD \u00a0\u00a0biurko do pracy Klimatyzacja \u0141azienka z prysznicem \u00a0\u00a0\u00a0\u00a0\u00a0\u00a0 \u00a0Telefon\u00a0 Po\u015bciel antyalergiczna WiFi R\u0119czniki Suszarka do w\u0142os\u00f3w Cennik us\u0142ugi noclegowej: Pok\u00f3j SUPERIOR: dwuosobowy 390,00 PLN** \/ 490,00 PLN*** dziecko 0-4 lat bezp\u0142atnie dziecko 5-12 lat 90,00 PLN dziecko 12-18 lat pe\u0142nop\u0142atnie Dostawka 150,00 PLN *Ceny&#8230; <\/p>\n","protected":false},"author":2,"featured_media":1581,"parent":25,"menu_order":0,"comment_status":"closed","ping_status":"closed","template":"","meta":{"footnotes":""},"class_list":["post-539","page","type-page","status-publish","has-post-thumbnail","hentry"],"aioseo_notices":[],"jetpack_shortlink":"https:\/\/wp.me\/P9LNh4-8H","jetpack_sharing_enabled":true,"_links":{"self":[{"href":"https:\/\/willahome.pl\/pl\/wp-json\/wp\/v2\/pages\/539","targetHints":{"allow":["GET"]}}],"collection":[{"href":"https:\/\/willahome.pl\/pl\/wp-json\/wp\/v2\/pages"}],"about":[{"href":"https:\/\/willahome.pl\/pl\/wp-json\/wp\/v2\/types\/page"}],"author":[{"embeddable":true,"href":"https:\/\/willahome.pl\/pl\/wp-json\/wp\/v2\/users\/2"}],"replies":[{"embeddable":true,"href":"https:\/\/willahome.pl\/pl\/wp-json\/wp\/v2\/comments?post=539"}],"version-history":[{"count":27,"href":"https:\/\/willahome.pl\/pl\/wp-json\/wp\/v2\/pages\/539\/revisions"}],"predecessor-version":[{"id":2180,"href":"https:\/\/willahome.pl\/pl\/wp-json\/wp\/v2\/pages\/539\/revisions\/2180"}],"up":[{"embeddable":true,"href":"https:\/\/willahome.pl\/pl\/wp-json\/wp\/v2\/pages\/25"}],"wp:featuredmedia":[{"embeddable":true,"href":"https:\/\/willahome.pl\/pl\/wp-json\/wp\/v2\/media\/1581"}],"wp:attachment":[{"href":"https:\/\/willahome.pl\/pl\/wp-json\/wp\/v2\/media?parent=539"}],"curies":[{"name":"wp","href":"https:\/\/api.w.org\/{rel}","templated":true}]}}