{"id":1167,"date":"2017-04-05T17:26:32","date_gmt":"2017-04-05T17:26:32","guid":{"rendered":"http:\/\/willahome.pl\/?page_id=1167"},"modified":"2017-09-12T12:54:49","modified_gmt":"2017-09-12T12:54:49","slug":"%d1%81%d0%bf%d0%b5%d1%86%d0%b8%d0%b0%d0%bb%d1%8c%d0%bd%d1%8b%d0%b5-%d0%bf%d1%80%d0%b5%d0%b4%d0%bb%d0%be%d0%b6%d0%b5%d0%bd%d0%b8%d1%8f","status":"publish","type":"page","link":"https:\/\/willahome.pl\/ru\/%d1%81%d0%bf%d0%b5%d1%86%d0%b8%d0%b0%d0%bb%d1%8c%d0%bd%d1%8b%d0%b5-%d0%bf%d1%80%d0%b5%d0%b4%d0%bb%d0%be%d0%b6%d0%b5%d0%bd%d0%b8%d1%8f\/","title":{"rendered":"\u0421\u041f\u0415\u0426\u0418\u0410\u041b\u042c\u041d\u042b\u0415 \u041f\u0420\u0415\u0414\u041b\u041e\u0416\u0415\u041d\u0418\u042f"},"content":{"rendered":"<div id=\"pl-1167\"  class=\"panel-layout\" ><div id=\"pg-1167-0\"  class=\"panel-grid panel-no-style\" ><div id=\"pgc-1167-0-0\"  class=\"panel-grid-cell\" ><div id=\"panel-1167-0-0-0\" class=\"so-panel widget widget_sow-post-carousel panel-first-child\" data-index=\"0\" ><div\n\t\t\t\n\t\t\tclass=\"so-widget-sow-post-carousel so-widget-sow-post-carousel-base-0471499d4c66-1167\"\n\t\t\t\n\t\t><\/div><\/div><div id=\"panel-1167-0-0-1\" class=\"so-panel widget widget_media_image panel-last-child\" data-index=\"1\" ><img loading=\"lazy\" decoding=\"async\" width=\"1200\" height=\"524\" src=\"https:\/\/willahome.pl\/wp-content\/uploads\/2023\/11\/AdobeStock_257482419-scaled-e1699451199839-1200x524.jpeg\" class=\"image wp-image-2140  attachment-large size-large\" alt=\"\" style=\"max-width: 100%; height: auto;\" srcset=\"https:\/\/willahome.pl\/wp-content\/uploads\/2023\/11\/AdobeStock_257482419-scaled-e1699451199839-1200x524.jpeg 1200w, https:\/\/willahome.pl\/wp-content\/uploads\/2023\/11\/AdobeStock_257482419-scaled-e1699451199839-600x262.jpeg 600w, https:\/\/willahome.pl\/wp-content\/uploads\/2023\/11\/AdobeStock_257482419-scaled-e1699451199839-768x335.jpeg 768w, https:\/\/willahome.pl\/wp-content\/uploads\/2023\/11\/AdobeStock_257482419-scaled-e1699451199839-1536x670.jpeg 1536w, https:\/\/willahome.pl\/wp-content\/uploads\/2023\/11\/AdobeStock_257482419-scaled-e1699451199839.jpeg 1600w\" sizes=\"auto, (max-width: 1200px) 100vw, 1200px\" data-attachment-id=\"2140\" data-permalink=\"https:\/\/willahome.pl\/pl\/spa\/happy-woman-having-peeling-in-spa-salon\/#main\" data-orig-file=\"https:\/\/willahome.pl\/wp-content\/uploads\/2023\/11\/AdobeStock_257482419-scaled-e1699451199839.jpeg\" data-orig-size=\"1600,698\" data-comments-opened=\"0\" data-image-meta=\"{&quot;aperture&quot;:&quot;2&quot;,&quot;credit&quot;:&quot;Kalim - stock.adobe.com&quot;,&quot;camera&quot;:&quot;Canon EOS 5DS R&quot;,&quot;caption&quot;:&quot;Picture of relaxed woman having peeling in spa salon&quot;,&quot;created_timestamp&quot;:&quot;1549554680&quot;,&quot;copyright&quot;:&quot;&quot;,&quot;focal_length&quot;:&quot;85&quot;,&quot;iso&quot;:&quot;500&quot;,&quot;shutter_speed&quot;:&quot;0.00625&quot;,&quot;title&quot;:&quot;Happy woman having peeling in spa salon&quot;,&quot;orientation&quot;:&quot;1&quot;}\" data-image-title=\"Happy woman having peeling in spa salon\" data-image-description=\"\" data-image-caption=\"&lt;p&gt;Picture of relaxed woman having peeling in spa salon&lt;\/p&gt;\n\" data-large-file=\"https:\/\/willahome.pl\/wp-content\/uploads\/2023\/11\/AdobeStock_257482419-scaled-e1699451199839-1200x524.jpeg\" \/><\/div><\/div><\/div><div id=\"pg-1167-1\"  class=\"panel-grid panel-no-style\" ><div id=\"pgc-1167-1-0\"  class=\"panel-grid-cell\" ><div id=\"panel-1167-1-0-0\" class=\"so-panel widget widget_text panel-first-child\" data-index=\"2\" ><h3 class=\"widget-title\">BALNEOTERAPIA\u00a0<\/h3>\t\t\t<div class=\"textwidget\"><p>Zabiegi rehabilitacyjne wykorzystuj\u0105ce wody mineralne o r\u00f3\u017cnych temperaturach, peloidy i gazy zdrojowe w celu leczenia schorze\u0144. Poprawiaj\u0105 kondycj\u0119 os\u00f3b cierpi\u0105cych na b\u00f3le staw\u00f3w, pomagaj\u0105 na dyskopati\u0119 i nerwob\u00f3le, zwalczaj\u0105 reumatyzm,\u00a0 likwiduj\u0105 problemy sk\u00f3rne, regeneruj\u0105 nasz uk\u0142ad kr\u0105\u017cenia, przyspieszaj\u0105 metabolizm.<\/p>\n<p>&nbsp;<\/p>\n<p>&#8212; k\u0105piele solankowe \u2013 <strong>55,00 PLN (15 min.)<\/strong><\/p>\n<p>&#8212; k\u0105piele borowinowe \u2013 <strong>55,00 PLN (15 min.)<\/strong><\/p>\n<\/div>\n\t\t<\/div><div id=\"panel-1167-1-0-1\" class=\"so-panel widget widget_text panel-last-child\" data-index=\"3\" ><h3 class=\"widget-title\">MASA\u017bE<\/h3>\t\t\t<div class=\"textwidget\"><p>rodzaj terapii wykorzystuj\u0105cy bod\u017ace mechaniczne przy u\u017cyciu r\u0105k terapeuty lub przeznaczonych do tego urz\u0105dze\u0144. Masa\u017c mo\u017ce mie\u0107 charakter leczniczy lub relaksacyjny. Masa\u017c klasyczny ma dzia\u0142anie przeciwb\u00f3lowe, regeneruj\u0105ce mi\u0119\u015bnie zwi\u0119kszaj\u0105c ich elastyczno\u015b\u0107 oraz spr\u0119\u017cysto\u015b\u0107, koryguj\u0105c jednocze\u015bnie zmiany uk\u0142adu kostnego. Masa\u017c relaksacyjny jest jedn\u0105 z wielu metod terapeutycznych, relaksacyjnych i kosmetycznych. G\u0142\u00f3wnym celem jest pozbycie si\u0119 napi\u0119cia mi\u0119\u015bniowo-nerwowego i psychicznego oraz uzyskanie stanu ca\u0142kowitego odpr\u0119\u017cenia.<\/p>\n<p>&nbsp;<\/p>\n<p>&#8212; masa\u017c rehabilitacyjny klasyczny\u00a0\u00a0 25 min.\/50 min. \u2013 <strong>100,00\/190,00\u00a0 PLN<\/strong><\/p>\n<p>&#8212; masa\u017c relaksacyjny z olejkami\u00a0\u00a0\u00a0 25 min.\/50 min. &#8212; <strong>100,00\/190,00 PLN<\/strong><\/p>\n<p>&#8212; masa\u017c relaksacyjny \u015bwiec\u0105\u00a0\u00a0 50 min. &#8212; <strong>190,00 PLN<\/strong><\/p>\n<p>&#8212; masa\u017c suchy rehabilitacyjny na \u0142\u00f3\u017cku wodnym AQUAI\u00a0 20 min. &#8212; <strong>45,00 PLN<\/strong><\/p>\n<\/div>\n\t\t<\/div><\/div><div id=\"pgc-1167-1-1\"  class=\"panel-grid-cell\" ><div id=\"panel-1167-1-1-0\" class=\"so-panel widget widget_text panel-first-child\" data-index=\"4\" ><h3 class=\"widget-title\">HYDROTERAPIA<\/h3>\t\t\t<div class=\"textwidget\"><p class=\"Standard\" style=\"text-align: justify; text-justify: inter-ideograph;\">Tzw. wodolecznictwo, jest to metoda leczenia bod\u017acowego polegaj\u0105ca na zewn\u0119trznym stosowaniu wody o r\u00f3\u017cnych postaciach. Redukuje b\u00f3l i uczucie zm\u0119czenia. Zmniejsza poziom napi\u0119cia mi\u0119\u015bniowego, zwi\u0119ksza elastyczno\u015b\u0107 i napi\u0119cie sk\u00f3ry. Hydroterapia redukuje objawy wyst\u0119puj\u0105ce przy d\u0142ugotrwa\u0142ym stresie, nerwicach l\u0119kowych, bezsenno\u015bci. Natomiast k\u0105piele zio\u0142owe nie tylko poprawiaj\u0105 kondycj\u0119 sk\u00f3ry i ca\u0142ego organizmu, ale r\u00f3wnie\u017c dzia\u0142aj\u0105 koj\u0105co na uk\u0142ad oddechowy poprzez wdychanie aromatycznego, wilgotnego powietrza.<\/p>\n<p class=\"Standard\">&#8212; hydromasa\u017c \u2013 <b>55,00 PLN (15min.)<\/b><\/p>\n<p class=\"Standard\">&#8212; k\u0105piel pere\u0142kowa \u2013 <b>45,00 PLN (15 min.)<\/b><\/p>\n<p class=\"Standard\">&#8212; k\u0105piele zio\u0142owe \u2013 <b>55,00 PLN (15 min.)<\/b><\/p>\n<\/div>\n\t\t<\/div><div id=\"panel-1167-1-1-1\" class=\"so-panel widget widget_text panel-last-child\" data-index=\"5\" ><h3 class=\"widget-title\">ZABIEGI PIEL\u0118GNACYJNE NA CIA\u0141O<\/h3>\t\t\t<div class=\"textwidget\"><p><strong>Arbuzowy roz\u015bwietlaj\u0105co &#8212; nawil\u017caj\u0105cy zabieg na cia\u0142o \u201eOWOCOWA NUTA\u201d<\/strong><\/p>\n<p>Czas trwania zabiegu \u2013 1,5 ha \u2013 <strong>295,00 PLN<\/strong><\/p>\n<p>&nbsp;<\/p>\n<p><strong><em>Przebieg zabiegu:<\/em><\/strong><em> peeling ca\u0142ego cia\u0142a peelingiem arbuzowym, arbuzowa maska \u017celowa na cia\u0142o, ca\u0142o\u015bciowy masa\u017c relaksacyjny\u00a0 z u\u017cyciem arbuzowego mas\u0142a.<\/em><\/p>\n<p>&nbsp;<\/p>\n<p><strong>Zabieg Arbuzowy <\/strong>odbudowuje i chroni nask\u00f3rek, intensywnie i d\u0142ugotrwale nawil\u017ca, wyg\u0142adza, uj\u0119drnia i uelastycznia, wykazuje dzia\u0142anie antyoksydacyjne, pobudza fibroblasty do zwi\u0119kszonej produkcji kolagenu i elastyny, odpr\u0119\u017ca i relaksuje. Sk\u00f3ra staje si\u0119 aksamitna w dotyku.<\/p>\n<p>&nbsp;<\/p>\n<\/div>\n\t\t<\/div><\/div><\/div><\/div>","protected":false},"excerpt":{"rendered":"<p>Zabiegi rehabilitacyjne wykorzystuj\u0105ce wody mineralne o r\u00f3\u017cnych temperaturach, peloidy i gazy zdrojowe w celu leczenia schorze\u0144. Poprawiaj\u0105 kondycj\u0119 os\u00f3b cierpi\u0105cych na b\u00f3le staw\u00f3w, pomagaj\u0105 na dyskopati\u0119 i nerwob\u00f3le, zwalczaj\u0105 reumatyzm,\u00a0 likwiduj\u0105 problemy sk\u00f3rne, regeneruj\u0105 nasz uk\u0142ad kr\u0105\u017cenia, przyspieszaj\u0105 metabolizm. &nbsp; &#8212; k\u0105piele solankowe \u2013 55,00 PLN (15 min.) &#8212; k\u0105piele&#8230; <\/p>\n","protected":false},"author":2,"featured_media":1765,"parent":0,"menu_order":0,"comment_status":"closed","ping_status":"closed","template":"template-no-sidebar.php","meta":{"footnotes":""},"class_list":["post-1167","page","type-page","status-publish","has-post-thumbnail","hentry"],"aioseo_notices":[],"jetpack_shortlink":"https:\/\/wp.me\/P9LNh4-iP","jetpack_sharing_enabled":true,"_links":{"self":[{"href":"https:\/\/willahome.pl\/ru\/wp-json\/wp\/v2\/pages\/1167","targetHints":{"allow":["GET"]}}],"collection":[{"href":"https:\/\/willahome.pl\/ru\/wp-json\/wp\/v2\/pages"}],"about":[{"href":"https:\/\/willahome.pl\/ru\/wp-json\/wp\/v2\/types\/page"}],"author":[{"embeddable":true,"href":"https:\/\/willahome.pl\/ru\/wp-json\/wp\/v2\/users\/2"}],"replies":[{"embeddable":true,"href":"https:\/\/willahome.pl\/ru\/wp-json\/wp\/v2\/comments?post=1167"}],"version-history":[{"count":3,"href":"https:\/\/willahome.pl\/ru\/wp-json\/wp\/v2\/pages\/1167\/revisions"}],"predecessor-version":[{"id":1399,"href":"https:\/\/willahome.pl\/ru\/wp-json\/wp\/v2\/pages\/1167\/revisions\/1399"}],"wp:featuredmedia":[{"embeddable":true,"href":"https:\/\/willahome.pl\/ru\/wp-json\/wp\/v2\/media\/1765"}],"wp:attachment":[{"href":"https:\/\/willahome.pl\/ru\/wp-json\/wp\/v2\/media?parent=1167"}],"curies":[{"name":"wp","href":"https:\/\/api.w.org\/{rel}","templated":true}]}}